{"id":1081,"date":"2022-02-02T18:46:02","date_gmt":"2022-02-02T18:46:02","guid":{"rendered":"https:\/\/icebreakers.cz\/domains\/icebreakers.cz\/?page_id=1081"},"modified":"2022-02-28T13:03:43","modified_gmt":"2022-02-28T13:03:43","slug":"2d-a-3d-animace","status":"publish","type":"page","link":"https:\/\/icebreakers.cz\/en\/2d-a-3d-animace\/","title":{"rendered":"2D and 3D animations"},"content":{"rendered":"<p>[et_pb_section fb_built=&#8220;1&#8243; _builder_version=&#8220;4.9.4&#8243; _module_preset=&#8220;default&#8220; background_color=&#8220;#6C3AE7&#8243; min_height=&#8220;280.8px&#8220; custom_margin=&#8220;||-88px|||&#8220; custom_padding=&#8220;49px||0px|||&#8220; global_colors_info=&#8220;{}&#8220;][\/et_pb_section][et_pb_section fb_built=&#8220;1&#8243; fullwidth=&#8220;on&#8220; _builder_version=&#8220;4.9.4&#8243; _module_preset=&#8220;default&#8220; background_color=&#8220;#6C3AE7&#8243; global_colors_info=&#8220;{}&#8220;][et_pb_fullwidth_header title=&#8220;2D a 3D animace&#8220; _builder_version=&#8220;4.14.7&#8243; _module_preset=&#8220;default&#8220; global_colors_info=&#8220;{}&#8220;][\/et_pb_fullwidth_header][\/et_pb_section][et_pb_section fb_built=&#8220;1&#8243; _builder_version=&#8220;4.9.4&#8243; _module_preset=&#8220;default&#8220; background_color=&#8220;#6C3AE7&#8243; background_enable_image=&#8220;off&#8220; custom_padding=&#8220;10px||44px|||&#8220; global_colors_info=&#8220;{}&#8220;][et_pb_row _builder_version=&#8220;4.9.4&#8243; _module_preset=&#8220;default&#8220; global_colors_info=&#8220;{}&#8220;][et_pb_column type=&#8220;4_4&#8243; _builder_version=&#8220;4.9.4&#8243; _module_preset=&#8220;default&#8220; global_colors_info=&#8220;{}&#8220;][et_pb_image src=&#8220;https:\/\/icebreakers.cz\/domains\/icebreakers.cz\/wp-content\/uploads\/2022\/02\/Animace_maskot.png&#8220; alt=&#8220;Icebreakers_animace&#8220; title_text=&#8220;Animace_maskot&#8220; align=&#8220;center&#8220; _builder_version=&#8220;4.14.7&#8243; _module_preset=&#8220;default&#8220; transform_scale_tablet=&#8220;&#8220; transform_scale_phone=&#8220;140%|140%&#8220; transform_scale_last_edited=&#8220;on|phone&#8220; transform_translate_tablet=&#8220;&#8220; transform_translate_phone=&#8220;&#8220; transform_translate_last_edited=&#8220;on|phone&#8220; transform_rotate_tablet=&#8220;&#8220; transform_rotate_phone=&#8220;&#8220; transform_rotate_last_edited=&#8220;on|phone&#8220; transform_skew_tablet=&#8220;&#8220; transform_skew_phone=&#8220;&#8220; transform_skew_last_edited=&#8220;on|phone&#8220; transform_origin_tablet=&#8220;&#8220; transform_origin_phone=&#8220;&#8220; transform_origin_last_edited=&#8220;on|phone&#8220; transform_styles_last_edited=&#8220;on|phone&#8220; width=&#8220;80%&#8220; width_tablet=&#8220;&#8220; width_phone=&#8220;80%&#8220; width_last_edited=&#8220;on|desktop&#8220; module_alignment=&#8220;center&#8220; custom_padding=&#8220;0px|||||&#8220; transform_styles_tablet=&#8220;&#8220; transform_styles_phone=&#8220;&#8220; global_colors_info=&#8220;{}&#8220;][\/et_pb_image][\/et_pb_column][\/et_pb_row][\/et_pb_section][et_pb_section fb_built=&#8220;1&#8243; _builder_version=&#8220;4.9.4&#8243; _module_preset=&#8220;default&#8220; background_color=&#8220;#6C3AE7&#8243; custom_padding=&#8220;0px||5px|||&#8220; global_colors_info=&#8220;{}&#8220;][et_pb_row _builder_version=&#8220;4.9.4&#8243; _module_preset=&#8220;default&#8220; global_colors_info=&#8220;{}&#8220;][et_pb_column type=&#8220;4_4&#8243; _builder_version=&#8220;4.9.4&#8243; _module_preset=&#8220;default&#8220; global_colors_info=&#8220;{}&#8220;][et_pb_text content_tablet=&#8220;&#8220; content_phone=&#8220;<\/p>\n<h2><span style=\"%22color:\" #bdff00;%22>Animations support the brand image. <\/span><span style=\"%22color:\" #ffffff;%22>The corporate mascot increases awareness or popularity of the company.<\/span><span style=\"%22color:\" #bdff00;%22> The brand is better remembered, more expressive and distinctive. <span style=\"%22color:\" #ffffff;%22>He has his own style and personality.<\/span><\/span><\/h2>\n<p>&#8220; content_last_edited=&#8220;on|phone&#8220; _builder_version=&#8220;4.14.7&#8243; _module_preset=&#8220;2b4178eb-8242-48ae-9ad2-3983d7fc94e0&#8243; header_2_font_size=&#8220;44px&#8220; transform_scale_tablet=&#8220;&#8220; transform_scale_phone=&#8220;&#8220; transform_scale_last_edited=&#8220;on|phone&#8220; transform_translate_tablet=&#8220;&#8220; transform_translate_phone=&#8220;&#8220; transform_translate_last_edited=&#8220;on|phone&#8220; transform_rotate_tablet=&#8220;&#8220; transform_rotate_phone=&#8220;&#8220; transform_rotate_last_edited=&#8220;on|phone&#8220; transform_skew_tablet=&#8220;&#8220; transform_skew_phone=&#8220;&#8220; transform_skew_last_edited=&#8220;on|phone&#8220; transform_origin_tablet=&#8220;&#8220; transform_origin_phone=&#8220;&#8220; transform_origin_last_edited=&#8220;on|phone&#8220; transform_styles_last_edited=&#8220;on|phone&#8220; custom_padding_tablet=&#8220;&#8220; custom_padding_phone=&#8220;&#8220; custom_padding_last_edited=&#8220;on|phone&#8220; header_2_font_size_phone=&#8220;29px&#8220; transform_styles_tablet=&#8220;&#8220; transform_styles_phone=&#8220;&#8220; global_colors_info=&#8220;{}&#8220;]<\/p>\n<h2><span style=\"color: #bdff00;\"><span style=\"color: #bdff00;\">Animations support the brand image. <\/span><\/span><span style=\"color: #ffffff;\">The corporate mascot increases awareness or popularity of the company.<\/span><span style=\"color: #bdff00;\"><span style=\"color: #bdff00;\"> The brand is better remembered, more expressive and distinctive. <span style=\"color: #ffffff;\">He has his own style and personality.<\/span><\/span><\/span><\/h2>\n<p>[\/et_pb_text][\/et_pb_column][\/et_pb_row][\/et_pb_section][et_pb_section fb_built=&#8220;1&#8243; _builder_version=&#8220;4.14.8&#8243; _module_preset=&#8220;default&#8220; background_color=&#8220;#6C3AE7&#8243; custom_padding=&#8220;32px||36px|||&#8220; hover_enabled=&#8220;0&#8243; global_colors_info=&#8220;{}&#8220; use_background_color_gradient=&#8220;on&#8220; background_color_gradient_start=&#8220;#6c3ae7&#8243; background_color_gradient_end=&#8220;#562e77&#8243; sticky_enabled=&#8220;0&#8243;][et_pb_row column_structure=&#8220;1_2,1_2&#8243; _builder_version=&#8220;4.9.4&#8243; _module_preset=&#8220;default&#8220; custom_padding=&#8220;9px|||||&#8220; global_colors_info=&#8220;{}&#8220;][et_pb_column type=&#8220;1_2&#8243; _builder_version=&#8220;4.9.4&#8243; _module_preset=&#8220;default&#8220; global_colors_info=&#8220;{}&#8220;][et_pb_text _builder_version=&#8220;4.14.7&#8243; _module_preset=&#8220;a3ffc2b3-f1ac-4c02-b1e2-ca9c5344c9f1&#8243; custom_margin=&#8220;||-45px|||&#8220; custom_margin_tablet=&#8220;&#8220; custom_margin_phone=&#8220;0px||0px||false|false&#8220; custom_margin_last_edited=&#8220;on|phone&#8220; custom_padding=&#8220;25px||0px||false|false&#8220; global_colors_info=&#8220;{}&#8220;]<\/p>\n<h3><span style=\"color: #bdff00;\"><span style=\"color: #ffffff;\">What are<\/span> animations <span style=\"color: #ffffff;\">good for?<\/span><\/span><\/h3>\n<p>[\/et_pb_text][et_pb_text _builder_version=&#8220;4.14.7&#8243; _module_preset=&#8220;default&#8220; ul_line_height=&#8220;1.7em&#8220; min_height=&#8220;203px&#8220; custom_margin=&#8220;-1px||50px||false|false&#8220; custom_margin_tablet=&#8220;&#8220; custom_margin_phone=&#8220;0px||0px||false|false&#8220; custom_margin_last_edited=&#8220;on|phone&#8220; custom_padding=&#8220;0px|0px|0px|0px|false|false&#8220; global_colors_info=&#8220;{}&#8220;]<\/p>\n<ul>\n<li><strong><span style=\"color: #bdff00;\">2D and 3D animations<\/span><\/strong> are often used for so-called <strong><span style=\"color: #bdff00;\">explainer video, or also instructional video.<\/span><\/strong><\/li>\n<li>He can show great things that would never be possible in a featured film. For example: <strong><span style=\"color: #bdff00;\">Demonstration of non-compliance with the safety of working with the machine.<\/span> <\/strong>A cutted arm, looks much better animated than the real one.<\/li>\n<li>Animations can be combined and alternated with different techniques to capture the point of the message.<\/li>\n<li><strong><span style=\"color: #bdff00;\">3D animations are currently very popular and look modern.<\/span><\/strong><\/li>\n<li>Mascot <strong><span style=\"color: #bdff00;\">will increase the popularity of the company. <\/span><\/strong>It is basically a 3D (digital) animation. Remember Alzak, for example.<\/li>\n<\/ul>\n<p>[\/et_pb_text][\/et_pb_column][et_pb_column type=&#8220;1_2&#8243; _builder_version=&#8220;4.9.4&#8243; _module_preset=&#8220;default&#8220; global_colors_info=&#8220;{}&#8220;][et_pb_image src=&#8220;https:\/\/icebreakers.cz\/domains\/icebreakers.cz\/wp-content\/uploads\/2022\/02\/maskot_2D_mensi.png&#8220; alt=&#8220;Icebreakers_maskot&#8220; title_text=&#8220;maskot_2D_mensi&#8220; _builder_version=&#8220;4.14.7&#8243; _module_preset=&#8220;default&#8220; transform_scale_tablet=&#8220;&#8220; transform_scale_phone=&#8220;120%|120%&#8220; transform_scale_last_edited=&#8220;on|phone&#8220; transform_translate_tablet=&#8220;&#8220; transform_translate_phone=&#8220;&#8220; transform_translate_last_edited=&#8220;on|phone&#8220; transform_rotate_tablet=&#8220;&#8220; transform_rotate_phone=&#8220;&#8220; transform_rotate_last_edited=&#8220;on|phone&#8220; transform_skew_tablet=&#8220;&#8220; transform_skew_phone=&#8220;&#8220; transform_skew_last_edited=&#8220;on|phone&#8220; transform_origin_tablet=&#8220;&#8220; transform_origin_phone=&#8220;&#8220; transform_origin_last_edited=&#8220;on|phone&#8220; transform_styles_last_edited=&#8220;on|phone&#8220; width=&#8220;70%&#8220; module_alignment=&#8220;center&#8220; custom_margin_tablet=&#8220;&#8220; custom_margin_phone=&#8220;50px||0px||false|false&#8220; custom_margin_last_edited=&#8220;on|phone&#8220; custom_padding=&#8220;||0px||false|false&#8220; transform_styles_tablet=&#8220;&#8220; transform_styles_phone=&#8220;&#8220; border_radii=&#8220;on|10px|10px|10px|10px&#8220; global_colors_info=&#8220;{}&#8220;][\/et_pb_image][\/et_pb_column][\/et_pb_row][\/et_pb_section][et_pb_section fb_built=&#8220;1&#8243; _builder_version=&#8220;4.14.8&#8243; _module_preset=&#8220;default&#8220; background_color=&#8220;#562E77&#8243; custom_padding=&#8220;||77px|||&#8220; top_divider_style_tablet=&#8220;&#8220; top_divider_style_phone=&#8220;ramp&#8220; top_divider_style_last_edited=&#8220;on|phone&#8220; bottom_divider_height=&#8220;85px&#8220; hover_enabled=&#8220;0&#8243; global_colors_info=&#8220;{}&#8220; sticky_enabled=&#8220;0&#8243;][et_pb_row _builder_version=&#8220;4.9.4&#8243; _module_preset=&#8220;default&#8220; custom_padding=&#8220;68px|||||&#8220; global_colors_info=&#8220;{}&#8220;][et_pb_column type=&#8220;4_4&#8243; _builder_version=&#8220;4.9.4&#8243; _module_preset=&#8220;default&#8220; global_colors_info=&#8220;{}&#8220;][et_pb_text _builder_version=&#8220;4.14.7&#8243; _module_preset=&#8220;a3ffc2b3-f1ac-4c02-b1e2-ca9c5344c9f1&#8243; custom_margin=&#8220;||-50px||false|false&#8220; custom_margin_tablet=&#8220;&#8220; custom_margin_phone=&#8220;0px||0px||false|false&#8220; custom_margin_last_edited=&#8220;on|phone&#8220; custom_padding=&#8220;0px||0px|30px|false|false&#8220; custom_padding_tablet=&#8220;&#8220; custom_padding_phone=&#8220;25px||0px||false|false&#8220; custom_padding_last_edited=&#8220;on|phone&#8220; global_colors_info=&#8220;{}&#8220;]<\/p>\n<h3><span style=\"color: #bdff00;\"> What can it look like?<\/span><\/h3>\n<p>[\/et_pb_text][et_pb_text _builder_version=&#8220;4.14.7&#8243; _module_preset=&#8220;default&#8220; custom_margin=&#8220;-4px||50px||false|false&#8220; global_colors_info=&#8220;{}&#8220;]<\/p>\n<p>To choose a suitable way to make your brand visible, a thorough analysis of both the company and the target customer is needed. The promotion should never be chosen at random, either according to what the boss just likes or what is fancy now. Promotion should, in the first instance, meet the objectives set. Animation, whether 2D or 3D, is a great tool to accomplish this.<\/p>\n<p>[\/et_pb_text][et_pb_image src=&#8220;https:\/\/icebreakers.cz\/domains\/icebreakers.cz\/wp-content\/uploads\/2022\/02\/maskot_profesor_monster.png&#8220; title_text=&#8220;maskot_profesor_monster&#8220; _builder_version=&#8220;4.14.7&#8243; _module_preset=&#8220;default&#8220; width=&#8220;75%&#8220; module_alignment=&#8220;center&#8220; global_colors_info=&#8220;{}&#8220;][\/et_pb_image][\/et_pb_column][\/et_pb_row][\/et_pb_section][et_pb_section fb_built=&#8220;1&#8243; _builder_version=&#8220;4.14.8&#8243; _module_preset=&#8220;default&#8220; background_color=&#8220;#6C3AE7&#8243; custom_padding=&#8220;113px|||||&#8220; hover_enabled=&#8220;0&#8243; global_colors_info=&#8220;{}&#8220; use_background_color_gradient=&#8220;on&#8220; background_color_gradient_start=&#8220;#562e77&#8243; background_color_gradient_end=&#8220;#6c3ae7&#8243; sticky_enabled=&#8220;0&#8243;][et_pb_row _builder_version=&#8220;4.9.4&#8243; _module_preset=&#8220;default&#8220; background_image=&#8220;https:\/\/icebreakers.cz\/domains\/icebreakers.cz\/wp-content\/uploads\/2021\/05\/Datovy-zdroj-2-1024&#215;763-1.png&#8220; custom_padding=&#8220;104px||87px|||&#8220; border_radii=&#8220;on|30px|30px|30px|30px&#8220; box_shadow_style=&#8220;preset2&#8243; global_colors_info=&#8220;{}&#8220;][et_pb_column type=&#8220;4_4&#8243; _builder_version=&#8220;4.9.4&#8243; _module_preset=&#8220;default&#8220; custom_padding=&#8220;|30px||30px|false|false&#8220; custom_padding_tablet=&#8220;&#8220; custom_padding_phone=&#8220;|25px||25px|false|false&#8220; custom_padding_last_edited=&#8220;on|phone&#8220; global_colors_info=&#8220;{}&#8220;][et_pb_text _builder_version=&#8220;4.14.7&#8243; _module_preset=&#8220;0429778a-1c11-4e14-8c34-ae2e499d9b3c&#8220; header_4_font=&#8220;|600|||||||&#8220; header_4_text_color=&#8220;#FFFFFF&#8220; custom_margin=&#8220;||67px|||&#8220; global_colors_info=&#8220;{}&#8220;]<\/p>\n<h4 style=\"text-align: center;\">Are you interested in animations? Then contact us and we will see what we can do together.<\/h4>\n<p>[\/et_pb_text][et_pb_button button_url=&#8220;@ET-DC@eyJkeW5hbWljIjp0cnVlLCJjb250ZW50IjoicG9zdF9saW5rX3VybF9wYWdlIiwic2V0dGluZ3MiOnsicG9zdF9pZCI6IjU5NCJ9fQ==@&#8220; button_text=&#8220;Kontaktujte n\u00e1s&#8220; button_alignment=&#8220;center&#8220; _builder_version=&#8220;4.9.4&#8243; _dynamic_attributes=&#8220;button_url&#8220; _module_preset=&#8220;e4050753-9d50-4a9c-ac45-128f08afad79&#8243; global_colors_info=&#8220;{}&#8220;][\/et_pb_button][\/et_pb_column][\/et_pb_row][\/et_pb_section]<\/p>","protected":false},"excerpt":{"rendered":"<p>Animace posiluj\u00ed image zna\u010dky. Firemn\u00ed maskot zvy\u0161uje pov\u011bdom\u00ed o firm\u011b nebo jej\u00ed popularitu. Zna\u010dka je l\u00e9pe zapamatovateln\u00e1, v\u00fdrazn\u00e1 a osobit\u00e1. M\u00e1 sv\u016fj styl a osobnost.K \u010demu jsou animace dobr\u00e9? 2D a 3D animace se \u010dasto vyu\u017e\u00edvaj\u00ed pro tzv. explainer video, nebo tak\u00e9 instrukt\u00e1\u017en\u00ed video. Um\u00ed skv\u011ble uk\u00e1zat to, co by v hran\u00e9m filmu nikdy ne\u0161lo. [&hellip;]<\/p>","protected":false},"author":1,"featured_media":1084,"parent":0,"menu_order":0,"comment_status":"closed","ping_status":"closed","template":"","meta":{"_et_pb_use_builder":"on","_et_pb_old_content":"","_et_gb_content_width":"","footnotes":""},"class_list":["post-1081","page","type-page","status-publish","has-post-thumbnail","hentry"],"yoast_head":"<!-- This site is optimized with the Yoast SEO plugin v24.9 - https:\/\/yoast.com\/wordpress\/plugins\/seo\/ -->\n<title>| Icebreakers technologie<\/title>\n<meta name=\"description\" content=\"2D a 3D Animace posiluj\u00ed image zna\u010dky. Firemn\u00ed maskot zvy\u0161uje pov\u011bdom\u00ed o firm\u011b nebo jej\u00ed popularitu. Zna\u010dka je l\u00e9pe zapamatovateln\u00e1 a osobit\u00e1.\" \/>\n<meta name=\"robots\" content=\"index, follow, max-snippet:-1, max-image-preview:large, max-video-preview:-1\" \/>\n<link rel=\"canonical\" href=\"https:\/\/icebreakers.cz\/en\/2d-a-3d-animace\/\" \/>\n<meta property=\"og:locale\" content=\"en_GB\" \/>\n<meta property=\"og:type\" content=\"article\" \/>\n<meta property=\"og:title\" content=\"| Icebreakers technologie\" \/>\n<meta property=\"og:description\" content=\"2D a 3D Animace posiluj\u00ed image zna\u010dky. Firemn\u00ed maskot zvy\u0161uje pov\u011bdom\u00ed o firm\u011b nebo jej\u00ed popularitu. Zna\u010dka je l\u00e9pe zapamatovateln\u00e1 a osobit\u00e1.\" \/>\n<meta property=\"og:url\" content=\"https:\/\/icebreakers.cz\/en\/2d-a-3d-animace\/\" \/>\n<meta property=\"og:site_name\" content=\"Icebreakers technologie\" \/>\n<meta property=\"article:modified_time\" content=\"2022-02-28T13:03:43+00:00\" \/>\n<meta property=\"og:image\" content=\"https:\/\/icebreakers.cz\/wp-content\/uploads\/2022\/02\/Animace_maskot.png\" \/>\n\t<meta property=\"og:image:width\" content=\"1634\" \/>\n\t<meta property=\"og:image:height\" content=\"1182\" \/>\n\t<meta property=\"og:image:type\" content=\"image\/png\" \/>\n<meta name=\"twitter:card\" content=\"summary_large_image\" \/>\n<meta name=\"twitter:label1\" content=\"Estimated reading time\" \/>\n\t<meta name=\"twitter:data1\" content=\"3 minutes\" \/>\n<script type=\"application\/ld+json\" class=\"yoast-schema-graph\">{\"@context\":\"https:\/\/schema.org\",\"@graph\":[{\"@type\":\"WebPage\",\"@id\":\"https:\/\/icebreakers.cz\/2d-a-3d-animace\/\",\"url\":\"https:\/\/icebreakers.cz\/2d-a-3d-animace\/\",\"name\":\"| Icebreakers technologie\",\"isPartOf\":{\"@id\":\"https:\/\/icebreakers.cz\/#website\"},\"primaryImageOfPage\":{\"@id\":\"https:\/\/icebreakers.cz\/2d-a-3d-animace\/#primaryimage\"},\"image\":{\"@id\":\"https:\/\/icebreakers.cz\/2d-a-3d-animace\/#primaryimage\"},\"thumbnailUrl\":\"https:\/\/icebreakers.cz\/wp-content\/uploads\/2022\/02\/Animace_maskot.png\",\"datePublished\":\"2022-02-02T18:46:02+00:00\",\"dateModified\":\"2022-02-28T13:03:43+00:00\",\"description\":\"2D a 3D Animace posiluj\u00ed image zna\u010dky. Firemn\u00ed maskot zvy\u0161uje pov\u011bdom\u00ed o firm\u011b nebo jej\u00ed popularitu. Zna\u010dka je l\u00e9pe zapamatovateln\u00e1 a osobit\u00e1.\",\"breadcrumb\":{\"@id\":\"https:\/\/icebreakers.cz\/2d-a-3d-animace\/#breadcrumb\"},\"inLanguage\":\"en-GB\",\"potentialAction\":[{\"@type\":\"ReadAction\",\"target\":[\"https:\/\/icebreakers.cz\/2d-a-3d-animace\/\"]}]},{\"@type\":\"ImageObject\",\"inLanguage\":\"en-GB\",\"@id\":\"https:\/\/icebreakers.cz\/2d-a-3d-animace\/#primaryimage\",\"url\":\"https:\/\/icebreakers.cz\/wp-content\/uploads\/2022\/02\/Animace_maskot.png\",\"contentUrl\":\"https:\/\/icebreakers.cz\/wp-content\/uploads\/2022\/02\/Animace_maskot.png\",\"width\":1634,\"height\":1182,\"caption\":\"Icebreakers_animace\"},{\"@type\":\"BreadcrumbList\",\"@id\":\"https:\/\/icebreakers.cz\/2d-a-3d-animace\/#breadcrumb\",\"itemListElement\":[{\"@type\":\"ListItem\",\"position\":1,\"name\":\"Dom\u016f\",\"item\":\"https:\/\/icebreakers.cz\/\"},{\"@type\":\"ListItem\",\"position\":2,\"name\":\"2D a 3D animace\"}]},{\"@type\":\"WebSite\",\"@id\":\"https:\/\/icebreakers.cz\/#website\",\"url\":\"https:\/\/icebreakers.cz\/\",\"name\":\"Icebreakers technologie\",\"description\":\"Technologick\u00e9 studio s virtu\u00e1ln\u00ed a roz\u0161\u00ed\u0159enou realitou\",\"publisher\":{\"@id\":\"https:\/\/icebreakers.cz\/#organization\"},\"potentialAction\":[{\"@type\":\"SearchAction\",\"target\":{\"@type\":\"EntryPoint\",\"urlTemplate\":\"https:\/\/icebreakers.cz\/?s={search_term_string}\"},\"query-input\":{\"@type\":\"PropertyValueSpecification\",\"valueRequired\":true,\"valueName\":\"search_term_string\"}}],\"inLanguage\":\"en-GB\"},{\"@type\":\"Organization\",\"@id\":\"https:\/\/icebreakers.cz\/#organization\",\"name\":\"Icebreakers\",\"url\":\"https:\/\/icebreakers.cz\/\",\"logo\":{\"@type\":\"ImageObject\",\"inLanguage\":\"en-GB\",\"@id\":\"https:\/\/icebreakers.cz\/#\/schema\/logo\/image\/\",\"url\":\"https:\/\/icebreakers.cz\/domains\/icebreakers.cz\/wp-content\/uploads\/2021\/06\/navrh-1.png\",\"contentUrl\":\"https:\/\/icebreakers.cz\/domains\/icebreakers.cz\/wp-content\/uploads\/2021\/06\/navrh-1.png\",\"width\":200,\"height\":225,\"caption\":\"Icebreakers\"},\"image\":{\"@id\":\"https:\/\/icebreakers.cz\/#\/schema\/logo\/image\/\"}}]}<\/script>\n<!-- \/ Yoast SEO plugin. -->","yoast_head_json":{"title":"| Icebreakers technologie","description":"2D a 3D Animace posiluj\u00ed image zna\u010dky. Firemn\u00ed maskot zvy\u0161uje pov\u011bdom\u00ed o firm\u011b nebo jej\u00ed popularitu. Zna\u010dka je l\u00e9pe zapamatovateln\u00e1 a osobit\u00e1.","robots":{"index":"index","follow":"follow","max-snippet":"max-snippet:-1","max-image-preview":"max-image-preview:large","max-video-preview":"max-video-preview:-1"},"canonical":"https:\/\/icebreakers.cz\/en\/2d-a-3d-animace\/","og_locale":"en_GB","og_type":"article","og_title":"| Icebreakers technologie","og_description":"2D a 3D Animace posiluj\u00ed image zna\u010dky. Firemn\u00ed maskot zvy\u0161uje pov\u011bdom\u00ed o firm\u011b nebo jej\u00ed popularitu. Zna\u010dka je l\u00e9pe zapamatovateln\u00e1 a osobit\u00e1.","og_url":"https:\/\/icebreakers.cz\/en\/2d-a-3d-animace\/","og_site_name":"Icebreakers technologie","article_modified_time":"2022-02-28T13:03:43+00:00","og_image":[{"width":1634,"height":1182,"url":"https:\/\/icebreakers.cz\/wp-content\/uploads\/2022\/02\/Animace_maskot.png","type":"image\/png"}],"twitter_card":"summary_large_image","twitter_misc":{"Estimated reading time":"3 minutes"},"schema":{"@context":"https:\/\/schema.org","@graph":[{"@type":"WebPage","@id":"https:\/\/icebreakers.cz\/2d-a-3d-animace\/","url":"https:\/\/icebreakers.cz\/2d-a-3d-animace\/","name":"| Icebreakers technologie","isPartOf":{"@id":"https:\/\/icebreakers.cz\/#website"},"primaryImageOfPage":{"@id":"https:\/\/icebreakers.cz\/2d-a-3d-animace\/#primaryimage"},"image":{"@id":"https:\/\/icebreakers.cz\/2d-a-3d-animace\/#primaryimage"},"thumbnailUrl":"https:\/\/icebreakers.cz\/wp-content\/uploads\/2022\/02\/Animace_maskot.png","datePublished":"2022-02-02T18:46:02+00:00","dateModified":"2022-02-28T13:03:43+00:00","description":"2D a 3D Animace posiluj\u00ed image zna\u010dky. Firemn\u00ed maskot zvy\u0161uje pov\u011bdom\u00ed o firm\u011b nebo jej\u00ed popularitu. Zna\u010dka je l\u00e9pe zapamatovateln\u00e1 a osobit\u00e1.","breadcrumb":{"@id":"https:\/\/icebreakers.cz\/2d-a-3d-animace\/#breadcrumb"},"inLanguage":"en-GB","potentialAction":[{"@type":"ReadAction","target":["https:\/\/icebreakers.cz\/2d-a-3d-animace\/"]}]},{"@type":"ImageObject","inLanguage":"en-GB","@id":"https:\/\/icebreakers.cz\/2d-a-3d-animace\/#primaryimage","url":"https:\/\/icebreakers.cz\/wp-content\/uploads\/2022\/02\/Animace_maskot.png","contentUrl":"https:\/\/icebreakers.cz\/wp-content\/uploads\/2022\/02\/Animace_maskot.png","width":1634,"height":1182,"caption":"Icebreakers_animace"},{"@type":"BreadcrumbList","@id":"https:\/\/icebreakers.cz\/2d-a-3d-animace\/#breadcrumb","itemListElement":[{"@type":"ListItem","position":1,"name":"Dom\u016f","item":"https:\/\/icebreakers.cz\/"},{"@type":"ListItem","position":2,"name":"2D a 3D animace"}]},{"@type":"WebSite","@id":"https:\/\/icebreakers.cz\/#website","url":"https:\/\/icebreakers.cz\/","name":"Icebreakers technologie","description":"Technologick\u00e9 studio s virtu\u00e1ln\u00ed a roz\u0161\u00ed\u0159enou realitou","publisher":{"@id":"https:\/\/icebreakers.cz\/#organization"},"potentialAction":[{"@type":"SearchAction","target":{"@type":"EntryPoint","urlTemplate":"https:\/\/icebreakers.cz\/?s={search_term_string}"},"query-input":{"@type":"PropertyValueSpecification","valueRequired":true,"valueName":"search_term_string"}}],"inLanguage":"en-GB"},{"@type":"Organization","@id":"https:\/\/icebreakers.cz\/#organization","name":"Icebreakers","url":"https:\/\/icebreakers.cz\/","logo":{"@type":"ImageObject","inLanguage":"en-GB","@id":"https:\/\/icebreakers.cz\/#\/schema\/logo\/image\/","url":"https:\/\/icebreakers.cz\/domains\/icebreakers.cz\/wp-content\/uploads\/2021\/06\/navrh-1.png","contentUrl":"https:\/\/icebreakers.cz\/domains\/icebreakers.cz\/wp-content\/uploads\/2021\/06\/navrh-1.png","width":200,"height":225,"caption":"Icebreakers"},"image":{"@id":"https:\/\/icebreakers.cz\/#\/schema\/logo\/image\/"}}]}},"_links":{"self":[{"href":"https:\/\/icebreakers.cz\/en\/wp-json\/wp\/v2\/pages\/1081","targetHints":{"allow":["GET"]}}],"collection":[{"href":"https:\/\/icebreakers.cz\/en\/wp-json\/wp\/v2\/pages"}],"about":[{"href":"https:\/\/icebreakers.cz\/en\/wp-json\/wp\/v2\/types\/page"}],"author":[{"embeddable":true,"href":"https:\/\/icebreakers.cz\/en\/wp-json\/wp\/v2\/users\/1"}],"replies":[{"embeddable":true,"href":"https:\/\/icebreakers.cz\/en\/wp-json\/wp\/v2\/comments?post=1081"}],"version-history":[{"count":8,"href":"https:\/\/icebreakers.cz\/en\/wp-json\/wp\/v2\/pages\/1081\/revisions"}],"predecessor-version":[{"id":1177,"href":"https:\/\/icebreakers.cz\/en\/wp-json\/wp\/v2\/pages\/1081\/revisions\/1177"}],"wp:featuredmedia":[{"embeddable":true,"href":"https:\/\/icebreakers.cz\/en\/wp-json\/wp\/v2\/media\/1084"}],"wp:attachment":[{"href":"https:\/\/icebreakers.cz\/en\/wp-json\/wp\/v2\/media?parent=1081"}],"curies":[{"name":"wp","href":"https:\/\/api.w.org\/{rel}","templated":true}]}}