{"id":219,"date":"2021-05-26T17:56:07","date_gmt":"2021-05-26T17:56:07","guid":{"rendered":"https:\/\/icebreakers.cz\/domains\/icebreakers.cz\/?page_id=219"},"modified":"2022-02-28T13:21:48","modified_gmt":"2022-02-28T13:21:48","slug":"knowhow","status":"publish","type":"page","link":"https:\/\/icebreakers.cz\/en\/knowhow\/","title":{"rendered":"KnowHow"},"content":{"rendered":"<p>[et_pb_section fb_built=&#8220;1&#8243; _builder_version=&#8220;4.14.8&#8243; _module_preset=&#8220;default&#8220; background_color=&#8220;#6C3AE7&#8243; background_enable_image=&#8220;off&#8220; min_height=&#8220;178.4px&#8220; custom_margin=&#8220;90px||0px||false|false&#8220; custom_padding=&#8220;||0px|||&#8220; global_colors_info=&#8220;{}&#8220;][\/et_pb_section][et_pb_section fb_built=&#8220;1&#8243; fullwidth=&#8220;on&#8220; _builder_version=&#8220;4.9.4&#8243; _module_preset=&#8220;default&#8220; background_color=&#8220;#6C3AE7&#8243; custom_margin=&#8220;-29px|||||&#8220; global_colors_info=&#8220;{}&#8220;][et_pb_fullwidth_header title=&#8220;KnowHow&#8220; _builder_version=&#8220;4.9.4&#8243; _module_preset=&#8220;default&#8220; background_color=&#8220;#6C3AE7&#8243; custom_margin=&#8220;-175px|||||&#8220; global_colors_info=&#8220;{}&#8220;][\/et_pb_fullwidth_header][\/et_pb_section][et_pb_section fb_built=&#8220;1&#8243; _builder_version=&#8220;4.14.8&#8243; _module_preset=&#8220;default&#8220; background_color=&#8220;#6C3AE7&#8243; background_size=&#8220;initial&#8220; background_position=&#8220;top_center&#8220; background_repeat=&#8220;repeat&#8220; hover_enabled=&#8220;0&#8243; border_style_all=&#8220;none&#8220; global_colors_info=&#8220;{}&#8220; background_enable_image=&#8220;off&#8220; use_background_color_gradient=&#8220;on&#8220; background_color_gradient_start=&#8220;#6c3ae7&#8243; background_color_gradient_end=&#8220;#562e77&#8243; sticky_enabled=&#8220;0&#8243;][et_pb_row _builder_version=&#8220;4.9.4&#8243; _module_preset=&#8220;default&#8220; global_colors_info=&#8220;{}&#8220;][et_pb_column type=&#8220;4_4&#8243; _builder_version=&#8220;4.9.4&#8243; _module_preset=&#8220;default&#8220; global_colors_info=&#8220;{}&#8220;][et_pb_blog fullwidth=&#8220;off&#8220; posts_number=&#8220;20&#8243; include_categories=&#8220;6&#8243; use_manual_excerpt=&#8220;off&#8220; excerpt_length=&#8220;100&#8243; show_author=&#8220;off&#8220; show_date=&#8220;off&#8220; show_categories=&#8220;off&#8220; masonry_tile_background_color=&#8220;rgba(244,244,244,0.84)&#8220; _builder_version=&#8220;4.10.8&#8243; _module_preset=&#8220;default&#8220; background_color=&#8220;RGBA(0,0,0,0)&#8220; border_radii=&#8220;on|10px|10px|10px|10px&#8220; global_colors_info=&#8220;{}&#8220;][\/et_pb_blog][\/et_pb_column][\/et_pb_row][\/et_pb_section]<\/p>","protected":false},"excerpt":{"rendered":"","protected":false},"author":1,"featured_media":0,"parent":0,"menu_order":0,"comment_status":"closed","ping_status":"closed","template":"","meta":{"_et_pb_use_builder":"on","_et_pb_old_content":"","_et_gb_content_width":"","footnotes":""},"class_list":["post-219","page","type-page","status-publish","hentry"],"yoast_head":"<!-- This site is optimized with the Yoast SEO plugin v24.9 - https:\/\/yoast.com\/wordpress\/plugins\/seo\/ -->\n<title>KnowHow | Virtu\u00e1ln\u00ed a roz\u0161\u00ed\u0159en\u00e1 realita | Icebreakers technologie<\/title>\n<meta name=\"description\" content=\"Na\u0161e knowhow a zaj\u00edmavosti ohledn\u011b virtu\u00e1ln\u00ed a roz\u0161\u00ed\u0159en\u00e9 reality. Zaj\u00edmavosti ze sv\u011bta i z domova. Novinky v technologi\u00edch.\" \/>\n<meta name=\"robots\" content=\"index, follow, max-snippet:-1, max-image-preview:large, max-video-preview:-1\" \/>\n<link rel=\"canonical\" href=\"https:\/\/icebreakers.cz\/en\/knowhow\/\" \/>\n<meta property=\"og:locale\" content=\"en_GB\" \/>\n<meta property=\"og:type\" content=\"article\" \/>\n<meta property=\"og:title\" content=\"KnowHow | Virtu\u00e1ln\u00ed a roz\u0161\u00ed\u0159en\u00e1 realita | Icebreakers technologie\" \/>\n<meta property=\"og:description\" content=\"Na\u0161e knowhow a zaj\u00edmavosti ohledn\u011b virtu\u00e1ln\u00ed a roz\u0161\u00ed\u0159en\u00e9 reality. Zaj\u00edmavosti ze sv\u011bta i z domova. Novinky v technologi\u00edch.\" \/>\n<meta property=\"og:url\" content=\"https:\/\/icebreakers.cz\/en\/knowhow\/\" \/>\n<meta property=\"og:site_name\" content=\"Icebreakers technologie\" \/>\n<meta property=\"article:modified_time\" content=\"2022-02-28T13:21:48+00:00\" \/>\n<meta property=\"og:image\" content=\"https:\/\/icebreakers.cz\/wp-content\/uploads\/2021\/05\/VR_realita_designer-scaled.jpg\" \/>\n\t<meta property=\"og:image:width\" content=\"2560\" \/>\n\t<meta property=\"og:image:height\" content=\"1709\" \/>\n\t<meta property=\"og:image:type\" content=\"image\/jpeg\" \/>\n<meta name=\"twitter:card\" content=\"summary_large_image\" \/>\n<meta name=\"twitter:label1\" content=\"Estimated reading time\" \/>\n\t<meta name=\"twitter:data1\" content=\"1 minute\" \/>\n<script type=\"application\/ld+json\" class=\"yoast-schema-graph\">{\"@context\":\"https:\/\/schema.org\",\"@graph\":[{\"@type\":\"WebPage\",\"@id\":\"https:\/\/icebreakers.cz\/knowhow\/\",\"url\":\"https:\/\/icebreakers.cz\/knowhow\/\",\"name\":\"KnowHow | Virtu\u00e1ln\u00ed a roz\u0161\u00ed\u0159en\u00e1 realita | Icebreakers technologie\",\"isPartOf\":{\"@id\":\"https:\/\/icebreakers.cz\/#website\"},\"datePublished\":\"2021-05-26T17:56:07+00:00\",\"dateModified\":\"2022-02-28T13:21:48+00:00\",\"description\":\"Na\u0161e knowhow a zaj\u00edmavosti ohledn\u011b virtu\u00e1ln\u00ed a roz\u0161\u00ed\u0159en\u00e9 reality. Zaj\u00edmavosti ze sv\u011bta i z domova. Novinky v technologi\u00edch.\",\"breadcrumb\":{\"@id\":\"https:\/\/icebreakers.cz\/knowhow\/#breadcrumb\"},\"inLanguage\":\"en-GB\",\"potentialAction\":[{\"@type\":\"ReadAction\",\"target\":[\"https:\/\/icebreakers.cz\/knowhow\/\"]}]},{\"@type\":\"BreadcrumbList\",\"@id\":\"https:\/\/icebreakers.cz\/knowhow\/#breadcrumb\",\"itemListElement\":[{\"@type\":\"ListItem\",\"position\":1,\"name\":\"Dom\u016f\",\"item\":\"https:\/\/icebreakers.cz\/\"},{\"@type\":\"ListItem\",\"position\":2,\"name\":\"KnowHow\"}]},{\"@type\":\"WebSite\",\"@id\":\"https:\/\/icebreakers.cz\/#website\",\"url\":\"https:\/\/icebreakers.cz\/\",\"name\":\"Icebreakers technologie\",\"description\":\"Technologick\u00e9 studio s virtu\u00e1ln\u00ed a roz\u0161\u00ed\u0159enou realitou\",\"publisher\":{\"@id\":\"https:\/\/icebreakers.cz\/#organization\"},\"potentialAction\":[{\"@type\":\"SearchAction\",\"target\":{\"@type\":\"EntryPoint\",\"urlTemplate\":\"https:\/\/icebreakers.cz\/?s={search_term_string}\"},\"query-input\":{\"@type\":\"PropertyValueSpecification\",\"valueRequired\":true,\"valueName\":\"search_term_string\"}}],\"inLanguage\":\"en-GB\"},{\"@type\":\"Organization\",\"@id\":\"https:\/\/icebreakers.cz\/#organization\",\"name\":\"Icebreakers\",\"url\":\"https:\/\/icebreakers.cz\/\",\"logo\":{\"@type\":\"ImageObject\",\"inLanguage\":\"en-GB\",\"@id\":\"https:\/\/icebreakers.cz\/#\/schema\/logo\/image\/\",\"url\":\"https:\/\/icebreakers.cz\/domains\/icebreakers.cz\/wp-content\/uploads\/2021\/06\/navrh-1.png\",\"contentUrl\":\"https:\/\/icebreakers.cz\/domains\/icebreakers.cz\/wp-content\/uploads\/2021\/06\/navrh-1.png\",\"width\":200,\"height\":225,\"caption\":\"Icebreakers\"},\"image\":{\"@id\":\"https:\/\/icebreakers.cz\/#\/schema\/logo\/image\/\"}}]}<\/script>\n<!-- \/ Yoast SEO plugin. -->","yoast_head_json":{"title":"KnowHow | Virtu\u00e1ln\u00ed a roz\u0161\u00ed\u0159en\u00e1 realita | Icebreakers technologie","description":"Na\u0161e knowhow a zaj\u00edmavosti ohledn\u011b virtu\u00e1ln\u00ed a roz\u0161\u00ed\u0159en\u00e9 reality. Zaj\u00edmavosti ze sv\u011bta i z domova. Novinky v technologi\u00edch.","robots":{"index":"index","follow":"follow","max-snippet":"max-snippet:-1","max-image-preview":"max-image-preview:large","max-video-preview":"max-video-preview:-1"},"canonical":"https:\/\/icebreakers.cz\/en\/knowhow\/","og_locale":"en_GB","og_type":"article","og_title":"KnowHow | Virtu\u00e1ln\u00ed a roz\u0161\u00ed\u0159en\u00e1 realita | Icebreakers technologie","og_description":"Na\u0161e knowhow a zaj\u00edmavosti ohledn\u011b virtu\u00e1ln\u00ed a roz\u0161\u00ed\u0159en\u00e9 reality. Zaj\u00edmavosti ze sv\u011bta i z domova. Novinky v technologi\u00edch.","og_url":"https:\/\/icebreakers.cz\/en\/knowhow\/","og_site_name":"Icebreakers technologie","article_modified_time":"2022-02-28T13:21:48+00:00","og_image":[{"width":2560,"height":1709,"url":"https:\/\/icebreakers.cz\/wp-content\/uploads\/2021\/05\/VR_realita_designer-scaled.jpg","type":"image\/jpeg"}],"twitter_card":"summary_large_image","twitter_misc":{"Estimated reading time":"1 minute"},"schema":{"@context":"https:\/\/schema.org","@graph":[{"@type":"WebPage","@id":"https:\/\/icebreakers.cz\/knowhow\/","url":"https:\/\/icebreakers.cz\/knowhow\/","name":"KnowHow | Virtu\u00e1ln\u00ed a roz\u0161\u00ed\u0159en\u00e1 realita | Icebreakers technologie","isPartOf":{"@id":"https:\/\/icebreakers.cz\/#website"},"datePublished":"2021-05-26T17:56:07+00:00","dateModified":"2022-02-28T13:21:48+00:00","description":"Na\u0161e knowhow a zaj\u00edmavosti ohledn\u011b virtu\u00e1ln\u00ed a roz\u0161\u00ed\u0159en\u00e9 reality. Zaj\u00edmavosti ze sv\u011bta i z domova. Novinky v technologi\u00edch.","breadcrumb":{"@id":"https:\/\/icebreakers.cz\/knowhow\/#breadcrumb"},"inLanguage":"en-GB","potentialAction":[{"@type":"ReadAction","target":["https:\/\/icebreakers.cz\/knowhow\/"]}]},{"@type":"BreadcrumbList","@id":"https:\/\/icebreakers.cz\/knowhow\/#breadcrumb","itemListElement":[{"@type":"ListItem","position":1,"name":"Dom\u016f","item":"https:\/\/icebreakers.cz\/"},{"@type":"ListItem","position":2,"name":"KnowHow"}]},{"@type":"WebSite","@id":"https:\/\/icebreakers.cz\/#website","url":"https:\/\/icebreakers.cz\/","name":"Icebreakers technologie","description":"Technologick\u00e9 studio s virtu\u00e1ln\u00ed a roz\u0161\u00ed\u0159enou realitou","publisher":{"@id":"https:\/\/icebreakers.cz\/#organization"},"potentialAction":[{"@type":"SearchAction","target":{"@type":"EntryPoint","urlTemplate":"https:\/\/icebreakers.cz\/?s={search_term_string}"},"query-input":{"@type":"PropertyValueSpecification","valueRequired":true,"valueName":"search_term_string"}}],"inLanguage":"en-GB"},{"@type":"Organization","@id":"https:\/\/icebreakers.cz\/#organization","name":"Icebreakers","url":"https:\/\/icebreakers.cz\/","logo":{"@type":"ImageObject","inLanguage":"en-GB","@id":"https:\/\/icebreakers.cz\/#\/schema\/logo\/image\/","url":"https:\/\/icebreakers.cz\/domains\/icebreakers.cz\/wp-content\/uploads\/2021\/06\/navrh-1.png","contentUrl":"https:\/\/icebreakers.cz\/domains\/icebreakers.cz\/wp-content\/uploads\/2021\/06\/navrh-1.png","width":200,"height":225,"caption":"Icebreakers"},"image":{"@id":"https:\/\/icebreakers.cz\/#\/schema\/logo\/image\/"}}]}},"_links":{"self":[{"href":"https:\/\/icebreakers.cz\/en\/wp-json\/wp\/v2\/pages\/219","targetHints":{"allow":["GET"]}}],"collection":[{"href":"https:\/\/icebreakers.cz\/en\/wp-json\/wp\/v2\/pages"}],"about":[{"href":"https:\/\/icebreakers.cz\/en\/wp-json\/wp\/v2\/types\/page"}],"author":[{"embeddable":true,"href":"https:\/\/icebreakers.cz\/en\/wp-json\/wp\/v2\/users\/1"}],"replies":[{"embeddable":true,"href":"https:\/\/icebreakers.cz\/en\/wp-json\/wp\/v2\/comments?post=219"}],"version-history":[{"count":11,"href":"https:\/\/icebreakers.cz\/en\/wp-json\/wp\/v2\/pages\/219\/revisions"}],"predecessor-version":[{"id":1179,"href":"https:\/\/icebreakers.cz\/en\/wp-json\/wp\/v2\/pages\/219\/revisions\/1179"}],"wp:attachment":[{"href":"https:\/\/icebreakers.cz\/en\/wp-json\/wp\/v2\/media?parent=219"}],"curies":[{"name":"wp","href":"https:\/\/api.w.org\/{rel}","templated":true}]}}