{"id":594,"date":"2021-06-04T05:33:08","date_gmt":"2021-06-04T05:33:08","guid":{"rendered":"https:\/\/icebreakers.cz\/domains\/icebreakers.cz\/?page_id=594"},"modified":"2022-01-25T08:19:00","modified_gmt":"2022-01-25T08:19:00","slug":"kontakt","status":"publish","type":"page","link":"https:\/\/icebreakers.cz\/en\/kontakt\/","title":{"rendered":"Contact"},"content":{"rendered":"[et_pb_section fb_built=&#8220;1&#8243; _builder_version=&#8220;4.9.4&#8243; _module_preset=&#8220;default&#8220; background_color=&#8220;#6C3AE7&#8243; min_height=&#8220;280.8px&#8220; custom_margin=&#8220;||-88px|||&#8220; custom_padding=&#8220;49px||0px|||&#8220;][\/et_pb_section][et_pb_section fb_built=&#8220;1&#8243; fullwidth=&#8220;on&#8220; _builder_version=&#8220;4.9.4&#8243; _module_preset=&#8220;default&#8220; background_color=&#8220;#6C3AE7&#8243;][et_pb_fullwidth_header title=&#8220;Kontakty&#8220; _builder_version=&#8220;4.9.4&#8243; _module_preset=&#8220;f4a7b5d8-49b7-4d27-8ded-8f4abb13b8ff&#8220;][\/et_pb_fullwidth_header][\/et_pb_section][et_pb_section fb_built=&#8220;1&#8243; _builder_version=&#8220;4.9.4&#8243; _module_preset=&#8220;default&#8220; background_color=&#8220;#6C3AE7&#8243; background_enable_image=&#8220;off&#8220; custom_padding=&#8220;10px||51px|||&#8220;][et_pb_row _builder_version=&#8220;4.9.4&#8243; _module_preset=&#8220;default&#8220;][et_pb_column type=&#8220;4_4&#8243; _builder_version=&#8220;4.9.4&#8243; _module_preset=&#8220;default&#8220;][et_pb_image src=&#8220;https:\/\/icebreakers.cz\/domains\/icebreakers.cz\/wp-content\/uploads\/2021\/06\/Icebreakers_kontakt-1024&#215;575-1.png&#8220; title_text=&#8220;Icebreakers_kontakt-1024&#215;575&#8243; align=&#8220;center&#8220; _builder_version=&#8220;4.9.4&#8243; _module_preset=&#8220;default&#8220;][\/et_pb_image][\/et_pb_column][\/et_pb_row][\/et_pb_section][et_pb_section fb_built=&#8220;1&#8243; _builder_version=&#8220;4.9.4&#8243; _module_preset=&#8220;default&#8220; background_color=&#8220;#6C3AE7&#8243; min_height=&#8220;413.9px&#8220; custom_padding=&#8220;0px|||||&#8220; top_divider_style_tablet=&#8220;&#8220; top_divider_style_phone=&#8220;ramp&#8220; top_divider_style_last_edited=&#8220;on|phone&#8220; bottom_divider_style_tablet=&#8220;&#8220; bottom_divider_style_phone=&#8220;ramp&#8220; bottom_divider_style_last_edited=&#8220;on|phone&#8220;][et_pb_row column_structure=&#8220;1_3,2_3&#8243; _builder_version=&#8220;4.9.4&#8243; _module_preset=&#8220;default&#8220; custom_margin=&#8220;-9px|auto||auto||&#8220; custom_padding=&#8220;86px||61px|||&#8220;][et_pb_column type=&#8220;1_3&#8243; _builder_version=&#8220;4.9.4&#8243; _module_preset=&#8220;default&#8220;][et_pb_text _builder_version=&#8220;4.9.4&#8243; _module_preset=&#8220;a3ffc2b3-f1ac-4c02-b1e2-ca9c5344c9f1&#8243; text_text_color=&#8220;#FFFFFF&#8220; header_3_text_color=&#8220;#FFFFFF&#8220; header_3_font_size=&#8220;27px&#8220;]<h3 class=\"deeper-text align-left\"><span>Do you think what we do would be useful? Then fill out the form:<\/span><\/h3>[\/et_pb_text][\/et_pb_column][et_pb_column type=&#8220;2_3&#8243; _builder_version=&#8220;4.9.4&#8243; _module_preset=&#8220;default&#8220;][et_pb_contact_form use_spam_service=&#8220;on&#8220; recaptcha_list=&#8220;Icebreakers|Icebreakers-0&#8243; email=&#8220;ahoj@icebreakers.mindfulsolutions.cz, eva.bajerova@seznam.cz, jjbink1@gmail.com&#8220; custom_message=&#8220;Jm\u00e9no odes\u00edlatele: %%Name%%||et_pb_line_break_holder||Kontakt: %%Email%%||et_pb_line_break_holder||P\u0159edm\u011bt zpr\u00e1vy: %%predmet%%||et_pb_line_break_holder||Vzkaz: %%Message%%||et_pb_line_break_holder||Souhlas: %%Souhlas%%&#8220; use_redirect=&#8220;on&#8220; redirect_url=&#8220;https:\/\/icebreakers.cz\/domains\/icebreakers.cz\/dekujeme-2\/&#8220; _builder_version=&#8220;4.9.10&#8243; _module_preset=&#8220;default&#8220; hover_enabled=&#8220;0&#8243; global_module=&#8220;758&#8243; saved_tabs=&#8220;all&#8220; sticky_enabled=&#8220;0&#8243;][et_pb_contact_field field_id=&#8220;Name&#8220; field_title=&#8220;Jm\u00e9no&#8220; _builder_version=&#8220;4.9.10&#8243; form_field_focus_background_color=&#8220;#FFFFFF&#8220; form_field_focus_text_color=&#8220;#000000&#8243; background_color=&#8220;RGBA(0,0,0,0)&#8220; background_enable_color=&#8220;on&#8220; button_text_size__hover_enabled=&#8220;off&#8220; button_one_text_size__hover_enabled=&#8220;off&#8220; button_two_text_size__hover_enabled=&#8220;off&#8220; button_text_color__hover_enabled=&#8220;off&#8220; button_one_text_color__hover_enabled=&#8220;off&#8220; button_two_text_color__hover_enabled=&#8220;off&#8220; button_border_width__hover_enabled=&#8220;off&#8220; button_one_border_width__hover_enabled=&#8220;off&#8220; button_two_border_width__hover_enabled=&#8220;off&#8220; button_border_color__hover_enabled=&#8220;off&#8220; button_one_border_color__hover_enabled=&#8220;off&#8220; button_two_border_color__hover_enabled=&#8220;off&#8220; button_border_radius__hover_enabled=&#8220;off&#8220; button_one_border_radius__hover_enabled=&#8220;off&#8220; button_two_border_radius__hover_enabled=&#8220;off&#8220; button_letter_spacing__hover_enabled=&#8220;off&#8220; button_one_letter_spacing__hover_enabled=&#8220;off&#8220; button_two_letter_spacing__hover_enabled=&#8220;off&#8220; button_bg_color__hover_enabled=&#8220;off&#8220; button_one_bg_color__hover_enabled=&#8220;off&#8220; button_two_bg_color__hover_enabled=&#8220;off&#8220;][\/et_pb_contact_field][et_pb_contact_field field_id=&#8220;Email&#8220; field_title=&#8220;E-mailov\u00e1 adresa&#8220; field_type=&#8220;email&#8220; _builder_version=&#8220;4.9.10&#8243; form_field_focus_background_color=&#8220;#FFFFFF&#8220; form_field_focus_text_color=&#8220;#000000&#8243; button_text_size__hover_enabled=&#8220;off&#8220; button_one_text_size__hover_enabled=&#8220;off&#8220; button_two_text_size__hover_enabled=&#8220;off&#8220; button_text_color__hover_enabled=&#8220;off&#8220; button_one_text_color__hover_enabled=&#8220;off&#8220; button_two_text_color__hover_enabled=&#8220;off&#8220; button_border_width__hover_enabled=&#8220;off&#8220; button_one_border_width__hover_enabled=&#8220;off&#8220; button_two_border_width__hover_enabled=&#8220;off&#8220; button_border_color__hover_enabled=&#8220;off&#8220; button_one_border_color__hover_enabled=&#8220;off&#8220; button_two_border_color__hover_enabled=&#8220;off&#8220; button_border_radius__hover_enabled=&#8220;off&#8220; button_one_border_radius__hover_enabled=&#8220;off&#8220; button_two_border_radius__hover_enabled=&#8220;off&#8220; button_letter_spacing__hover_enabled=&#8220;off&#8220; button_one_letter_spacing__hover_enabled=&#8220;off&#8220; button_two_letter_spacing__hover_enabled=&#8220;off&#8220; button_bg_color__hover_enabled=&#8220;off&#8220; button_one_bg_color__hover_enabled=&#8220;off&#8220; button_two_bg_color__hover_enabled=&#8220;off&#8220;][\/et_pb_contact_field][et_pb_contact_field field_id=&#8220;predmet&#8220; field_title=&#8220;P\u0159edm\u011bt&#8220; fullwidth_field=&#8220;on&#8220; _builder_version=&#8220;4.9.10&#8243; _module_preset=&#8220;default&#8220; form_field_focus_background_color=&#8220;#FFFFFF&#8220; form_field_focus_text_color=&#8220;#000000&#8243;][\/et_pb_contact_field][et_pb_contact_field field_id=&#8220;Message&#8220; field_title=&#8220;Zpr\u00e1va&#8220; field_type=&#8220;text&#8220; fullwidth_field=&#8220;on&#8220; _builder_version=&#8220;4.9.10&#8243; form_field_focus_background_color=&#8220;#FFFFFF&#8220; form_field_focus_text_color=&#8220;#000000&#8243; button_text_size__hover_enabled=&#8220;off&#8220; button_one_text_size__hover_enabled=&#8220;off&#8220; button_two_text_size__hover_enabled=&#8220;off&#8220; button_text_color__hover_enabled=&#8220;off&#8220; button_one_text_color__hover_enabled=&#8220;off&#8220; button_two_text_color__hover_enabled=&#8220;off&#8220; button_border_width__hover_enabled=&#8220;off&#8220; button_one_border_width__hover_enabled=&#8220;off&#8220; button_two_border_width__hover_enabled=&#8220;off&#8220; button_border_color__hover_enabled=&#8220;off&#8220; button_one_border_color__hover_enabled=&#8220;off&#8220; button_two_border_color__hover_enabled=&#8220;off&#8220; button_border_radius__hover_enabled=&#8220;off&#8220; button_one_border_radius__hover_enabled=&#8220;off&#8220; button_two_border_radius__hover_enabled=&#8220;off&#8220; button_letter_spacing__hover_enabled=&#8220;off&#8220; button_one_letter_spacing__hover_enabled=&#8220;off&#8220; button_two_letter_spacing__hover_enabled=&#8220;off&#8220; button_bg_color__hover_enabled=&#8220;off&#8220; button_one_bg_color__hover_enabled=&#8220;off&#8220; button_two_bg_color__hover_enabled=&#8220;off&#8220;][\/et_pb_contact_field][et_pb_contact_field field_id=&#8220;Souhlas&#8220; field_title=&#8220; &#8220; field_type=&#8220;checkbox&#8220; checkbox_options=&#8220;%91{%22value%22:%22Souhlas\u00edm se zpracov\u00e1n\u00edm osobn\u00edch \u00fadaj\u016f%22,%22checked%22:0,%22dragID%22:-1}%93&#8243; fullwidth_field=&#8220;on&#8220; _builder_version=&#8220;4.9.10&#8243; _module_preset=&#8220;default&#8220; form_field_background_color=&#8220;#6C3AE7&#8243; form_field_text_color=&#8220;#FFFFFF&#8220; form_field_focus_background_color=&#8220;#FFFFFF&#8220; form_field_focus_text_color=&#8220;#000000&#8243; hover_enabled=&#8220;0&#8243; border_width_all=&#8220;1px&#8220; border_color_all=&#8220;#FFFFFF&#8220; sticky_enabled=&#8220;0&#8243;][\/et_pb_contact_field][\/et_pb_contact_form][\/et_pb_column][\/et_pb_row][\/et_pb_section]","protected":false},"excerpt":{"rendered":"<p>Do you think what we do would be useful? Then fill out the form:<\/p>","protected":false},"author":1,"featured_media":0,"parent":0,"menu_order":0,"comment_status":"closed","ping_status":"closed","template":"","meta":{"_et_pb_use_builder":"on","_et_pb_old_content":"","_et_gb_content_width":"","footnotes":""},"class_list":["post-594","page","type-page","status-publish","hentry"],"yoast_head":"<!-- This site is optimized with the Yoast SEO plugin v24.9 - https:\/\/yoast.com\/wordpress\/plugins\/seo\/ -->\n<title>| Icebreakers technologie<\/title>\n<meta name=\"description\" content=\"Kontakt na n\u00e1\u0161 t\u00fdm. Pokud m\u00e1te pocit \u017ee m\u00e1me to co pot\u0159ebujete, ozv\u011bte se n\u00e1m. Jsme tu pro v\u00e1s a s radost\u00ed v\u00e1m pom\u016f\u017eeme.\" \/>\n<meta name=\"robots\" content=\"index, follow, max-snippet:-1, max-image-preview:large, max-video-preview:-1\" \/>\n<link rel=\"canonical\" href=\"https:\/\/icebreakers.cz\/en\/kontakt\/\" \/>\n<meta property=\"og:locale\" content=\"en_GB\" \/>\n<meta property=\"og:type\" content=\"article\" \/>\n<meta property=\"og:title\" content=\"| Icebreakers technologie\" \/>\n<meta property=\"og:description\" content=\"Kontakt na n\u00e1\u0161 t\u00fdm. Pokud m\u00e1te pocit \u017ee m\u00e1me to co pot\u0159ebujete, ozv\u011bte se n\u00e1m. Jsme tu pro v\u00e1s a s radost\u00ed v\u00e1m pom\u016f\u017eeme.\" \/>\n<meta property=\"og:url\" content=\"https:\/\/icebreakers.cz\/en\/kontakt\/\" \/>\n<meta property=\"og:site_name\" content=\"Icebreakers technologie\" \/>\n<meta property=\"article:modified_time\" content=\"2022-01-25T08:19:00+00:00\" \/>\n<meta property=\"og:image\" content=\"https:\/\/icebreakers.cz\/wp-content\/uploads\/2021\/05\/VR_realita_designer-scaled.jpg\" \/>\n\t<meta property=\"og:image:width\" content=\"2560\" \/>\n\t<meta property=\"og:image:height\" content=\"1709\" \/>\n\t<meta property=\"og:image:type\" content=\"image\/jpeg\" \/>\n<meta name=\"twitter:card\" content=\"summary_large_image\" \/>\n<meta name=\"twitter:label1\" content=\"Estimated reading time\" \/>\n\t<meta name=\"twitter:data1\" content=\"2 minutes\" \/>\n<script type=\"application\/ld+json\" class=\"yoast-schema-graph\">{\"@context\":\"https:\/\/schema.org\",\"@graph\":[{\"@type\":\"WebPage\",\"@id\":\"https:\/\/icebreakers.cz\/kontakt\/\",\"url\":\"https:\/\/icebreakers.cz\/kontakt\/\",\"name\":\"| Icebreakers technologie\",\"isPartOf\":{\"@id\":\"https:\/\/icebreakers.cz\/#website\"},\"datePublished\":\"2021-06-04T05:33:08+00:00\",\"dateModified\":\"2022-01-25T08:19:00+00:00\",\"description\":\"Kontakt na n\u00e1\u0161 t\u00fdm. Pokud m\u00e1te pocit \u017ee m\u00e1me to co pot\u0159ebujete, ozv\u011bte se n\u00e1m. Jsme tu pro v\u00e1s a s radost\u00ed v\u00e1m pom\u016f\u017eeme.\",\"breadcrumb\":{\"@id\":\"https:\/\/icebreakers.cz\/kontakt\/#breadcrumb\"},\"inLanguage\":\"en-GB\",\"potentialAction\":[{\"@type\":\"ReadAction\",\"target\":[\"https:\/\/icebreakers.cz\/kontakt\/\"]}]},{\"@type\":\"BreadcrumbList\",\"@id\":\"https:\/\/icebreakers.cz\/kontakt\/#breadcrumb\",\"itemListElement\":[{\"@type\":\"ListItem\",\"position\":1,\"name\":\"Dom\u016f\",\"item\":\"https:\/\/icebreakers.cz\/\"},{\"@type\":\"ListItem\",\"position\":2,\"name\":\"Kontakt\"}]},{\"@type\":\"WebSite\",\"@id\":\"https:\/\/icebreakers.cz\/#website\",\"url\":\"https:\/\/icebreakers.cz\/\",\"name\":\"Icebreakers technologie\",\"description\":\"Technologick\u00e9 studio s virtu\u00e1ln\u00ed a roz\u0161\u00ed\u0159enou realitou\",\"publisher\":{\"@id\":\"https:\/\/icebreakers.cz\/#organization\"},\"potentialAction\":[{\"@type\":\"SearchAction\",\"target\":{\"@type\":\"EntryPoint\",\"urlTemplate\":\"https:\/\/icebreakers.cz\/?s={search_term_string}\"},\"query-input\":{\"@type\":\"PropertyValueSpecification\",\"valueRequired\":true,\"valueName\":\"search_term_string\"}}],\"inLanguage\":\"en-GB\"},{\"@type\":\"Organization\",\"@id\":\"https:\/\/icebreakers.cz\/#organization\",\"name\":\"Icebreakers\",\"url\":\"https:\/\/icebreakers.cz\/\",\"logo\":{\"@type\":\"ImageObject\",\"inLanguage\":\"en-GB\",\"@id\":\"https:\/\/icebreakers.cz\/#\/schema\/logo\/image\/\",\"url\":\"https:\/\/icebreakers.cz\/domains\/icebreakers.cz\/wp-content\/uploads\/2021\/06\/navrh-1.png\",\"contentUrl\":\"https:\/\/icebreakers.cz\/domains\/icebreakers.cz\/wp-content\/uploads\/2021\/06\/navrh-1.png\",\"width\":200,\"height\":225,\"caption\":\"Icebreakers\"},\"image\":{\"@id\":\"https:\/\/icebreakers.cz\/#\/schema\/logo\/image\/\"}}]}<\/script>\n<!-- \/ Yoast SEO plugin. -->","yoast_head_json":{"title":"| Icebreakers technologie","description":"Kontakt na n\u00e1\u0161 t\u00fdm. Pokud m\u00e1te pocit \u017ee m\u00e1me to co pot\u0159ebujete, ozv\u011bte se n\u00e1m. Jsme tu pro v\u00e1s a s radost\u00ed v\u00e1m pom\u016f\u017eeme.","robots":{"index":"index","follow":"follow","max-snippet":"max-snippet:-1","max-image-preview":"max-image-preview:large","max-video-preview":"max-video-preview:-1"},"canonical":"https:\/\/icebreakers.cz\/en\/kontakt\/","og_locale":"en_GB","og_type":"article","og_title":"| Icebreakers technologie","og_description":"Kontakt na n\u00e1\u0161 t\u00fdm. Pokud m\u00e1te pocit \u017ee m\u00e1me to co pot\u0159ebujete, ozv\u011bte se n\u00e1m. Jsme tu pro v\u00e1s a s radost\u00ed v\u00e1m pom\u016f\u017eeme.","og_url":"https:\/\/icebreakers.cz\/en\/kontakt\/","og_site_name":"Icebreakers technologie","article_modified_time":"2022-01-25T08:19:00+00:00","og_image":[{"width":2560,"height":1709,"url":"https:\/\/icebreakers.cz\/wp-content\/uploads\/2021\/05\/VR_realita_designer-scaled.jpg","type":"image\/jpeg"}],"twitter_card":"summary_large_image","twitter_misc":{"Estimated reading time":"2 minutes"},"schema":{"@context":"https:\/\/schema.org","@graph":[{"@type":"WebPage","@id":"https:\/\/icebreakers.cz\/kontakt\/","url":"https:\/\/icebreakers.cz\/kontakt\/","name":"| Icebreakers technologie","isPartOf":{"@id":"https:\/\/icebreakers.cz\/#website"},"datePublished":"2021-06-04T05:33:08+00:00","dateModified":"2022-01-25T08:19:00+00:00","description":"Kontakt na n\u00e1\u0161 t\u00fdm. Pokud m\u00e1te pocit \u017ee m\u00e1me to co pot\u0159ebujete, ozv\u011bte se n\u00e1m. Jsme tu pro v\u00e1s a s radost\u00ed v\u00e1m pom\u016f\u017eeme.","breadcrumb":{"@id":"https:\/\/icebreakers.cz\/kontakt\/#breadcrumb"},"inLanguage":"en-GB","potentialAction":[{"@type":"ReadAction","target":["https:\/\/icebreakers.cz\/kontakt\/"]}]},{"@type":"BreadcrumbList","@id":"https:\/\/icebreakers.cz\/kontakt\/#breadcrumb","itemListElement":[{"@type":"ListItem","position":1,"name":"Dom\u016f","item":"https:\/\/icebreakers.cz\/"},{"@type":"ListItem","position":2,"name":"Kontakt"}]},{"@type":"WebSite","@id":"https:\/\/icebreakers.cz\/#website","url":"https:\/\/icebreakers.cz\/","name":"Icebreakers technologie","description":"Technologick\u00e9 studio s virtu\u00e1ln\u00ed a roz\u0161\u00ed\u0159enou realitou","publisher":{"@id":"https:\/\/icebreakers.cz\/#organization"},"potentialAction":[{"@type":"SearchAction","target":{"@type":"EntryPoint","urlTemplate":"https:\/\/icebreakers.cz\/?s={search_term_string}"},"query-input":{"@type":"PropertyValueSpecification","valueRequired":true,"valueName":"search_term_string"}}],"inLanguage":"en-GB"},{"@type":"Organization","@id":"https:\/\/icebreakers.cz\/#organization","name":"Icebreakers","url":"https:\/\/icebreakers.cz\/","logo":{"@type":"ImageObject","inLanguage":"en-GB","@id":"https:\/\/icebreakers.cz\/#\/schema\/logo\/image\/","url":"https:\/\/icebreakers.cz\/domains\/icebreakers.cz\/wp-content\/uploads\/2021\/06\/navrh-1.png","contentUrl":"https:\/\/icebreakers.cz\/domains\/icebreakers.cz\/wp-content\/uploads\/2021\/06\/navrh-1.png","width":200,"height":225,"caption":"Icebreakers"},"image":{"@id":"https:\/\/icebreakers.cz\/#\/schema\/logo\/image\/"}}]}},"_links":{"self":[{"href":"https:\/\/icebreakers.cz\/en\/wp-json\/wp\/v2\/pages\/594","targetHints":{"allow":["GET"]}}],"collection":[{"href":"https:\/\/icebreakers.cz\/en\/wp-json\/wp\/v2\/pages"}],"about":[{"href":"https:\/\/icebreakers.cz\/en\/wp-json\/wp\/v2\/types\/page"}],"author":[{"embeddable":true,"href":"https:\/\/icebreakers.cz\/en\/wp-json\/wp\/v2\/users\/1"}],"replies":[{"embeddable":true,"href":"https:\/\/icebreakers.cz\/en\/wp-json\/wp\/v2\/comments?post=594"}],"version-history":[{"count":16,"href":"https:\/\/icebreakers.cz\/en\/wp-json\/wp\/v2\/pages\/594\/revisions"}],"predecessor-version":[{"id":1028,"href":"https:\/\/icebreakers.cz\/en\/wp-json\/wp\/v2\/pages\/594\/revisions\/1028"}],"wp:attachment":[{"href":"https:\/\/icebreakers.cz\/en\/wp-json\/wp\/v2\/media?parent=594"}],"curies":[{"name":"wp","href":"https:\/\/api.w.org\/{rel}","templated":true}]}}