{"id":956,"date":"2022-01-09T17:21:57","date_gmt":"2022-01-09T17:21:57","guid":{"rendered":"https:\/\/icebreakers.cz\/domains\/icebreakers.cz\/?page_id=956"},"modified":"2022-02-28T13:02:06","modified_gmt":"2022-02-28T13:02:06","slug":"3d-modely","status":"publish","type":"page","link":"https:\/\/icebreakers.cz\/en\/3d-modely\/","title":{"rendered":"3D models"},"content":{"rendered":"<p>[et_pb_section fb_built=&#8220;1&#8243; _builder_version=&#8220;4.9.4&#8243; _module_preset=&#8220;default&#8220; background_color=&#8220;#6C3AE7&#8243; min_height=&#8220;280.8px&#8220; custom_margin=&#8220;||-88px|||&#8220; custom_padding=&#8220;49px||0px|||&#8220; global_colors_info=&#8220;{}&#8220;][\/et_pb_section][et_pb_section fb_built=&#8220;1&#8243; fullwidth=&#8220;on&#8220; _builder_version=&#8220;4.9.4&#8243; _module_preset=&#8220;default&#8220; background_color=&#8220;#6C3AE7&#8243; global_colors_info=&#8220;{}&#8220;][et_pb_fullwidth_header title=&#8220;3D modely&#8220; _builder_version=&#8220;4.14.2&#8243; _module_preset=&#8220;default&#8220; global_colors_info=&#8220;{}&#8220;][\/et_pb_fullwidth_header][\/et_pb_section][et_pb_section fb_built=&#8220;1&#8243; _builder_version=&#8220;4.9.4&#8243; _module_preset=&#8220;default&#8220; background_color=&#8220;#6C3AE7&#8243; background_enable_image=&#8220;off&#8220; custom_padding=&#8220;10px||44px|||&#8220; global_colors_info=&#8220;{}&#8220;][et_pb_row _builder_version=&#8220;4.9.4&#8243; _module_preset=&#8220;default&#8220; global_colors_info=&#8220;{}&#8220;][et_pb_column type=&#8220;4_4&#8243; _builder_version=&#8220;4.9.4&#8243; _module_preset=&#8220;default&#8220; global_colors_info=&#8220;{}&#8220;][et_pb_image src=&#8220;https:\/\/icebreakers.cz\/domains\/icebreakers.cz\/wp-content\/uploads\/2022\/02\/3Dmodelovani_popisek.png&#8220; alt=&#8220;icebreakers 3D modelov\u00e1n\u00ed&#8220; title_text=&#8220;3Dmodelov\u00e1n\u00ed_popisek&#8220; align=&#8220;center&#8220; _builder_version=&#8220;4.14.7&#8243; _module_preset=&#8220;default&#8220; transform_scale_tablet=&#8220;&#8220; transform_scale_phone=&#8220;140%|140%&#8220; transform_scale_last_edited=&#8220;on|phone&#8220; transform_translate_tablet=&#8220;&#8220; transform_translate_phone=&#8220;&#8220; transform_translate_last_edited=&#8220;on|phone&#8220; transform_rotate_tablet=&#8220;&#8220; transform_rotate_phone=&#8220;&#8220; transform_rotate_last_edited=&#8220;on|phone&#8220; transform_skew_tablet=&#8220;&#8220; transform_skew_phone=&#8220;&#8220; transform_skew_last_edited=&#8220;on|phone&#8220; transform_origin_tablet=&#8220;&#8220; transform_origin_phone=&#8220;&#8220; transform_origin_last_edited=&#8220;on|phone&#8220; transform_styles_last_edited=&#8220;on|phone&#8220; width_tablet=&#8220;&#8220; width_phone=&#8220;85%&#8220; width_last_edited=&#8220;on|phone&#8220; module_alignment=&#8220;center&#8220; custom_padding=&#8220;0px|||||&#8220; transform_styles_tablet=&#8220;&#8220; transform_styles_phone=&#8220;&#8220; global_colors_info=&#8220;{}&#8220;][\/et_pb_image][\/et_pb_column][\/et_pb_row][\/et_pb_section][et_pb_section fb_built=&#8220;1&#8243; _builder_version=&#8220;4.9.4&#8243; _module_preset=&#8220;default&#8220; background_color=&#8220;#6C3AE7&#8243; custom_padding=&#8220;0px||5px|||&#8220; global_colors_info=&#8220;{}&#8220;][et_pb_row _builder_version=&#8220;4.9.4&#8243; _module_preset=&#8220;default&#8220; global_colors_info=&#8220;{}&#8220;][et_pb_column type=&#8220;4_4&#8243; _builder_version=&#8220;4.9.4&#8243; _module_preset=&#8220;default&#8220; global_colors_info=&#8220;{}&#8220;][et_pb_text content_tablet=&#8220;&#8220; content_phone=&#8220;<\/p>\n<h2><span style=\"%22color:\" #bdff00;%22>Virtual reality, <\/span><span style=\"%22color:\" #ffffff;%22>is an ingenious tool that<\/span> <span style=\"%22color:\" #bdff00;%22>reduce employee error rates, speed up the training process, increase quality and expertise<\/span> <span style=\"%22color:\" #ffffff;%22><br \/>of workers.<\/span><\/h2>\n<p>&#8220; content_last_edited=&#8220;on|phone&#8220; _builder_version=&#8220;4.14.7&#8243; _module_preset=&#8220;2b4178eb-8242-48ae-9ad2-3983d7fc94e0&#8243; header_2_font_size=&#8220;44px&#8220; transform_scale_tablet=&#8220;&#8220; transform_scale_phone=&#8220;&#8220; transform_scale_last_edited=&#8220;on|phone&#8220; transform_translate_tablet=&#8220;&#8220; transform_translate_phone=&#8220;&#8220; transform_translate_last_edited=&#8220;on|phone&#8220; transform_rotate_tablet=&#8220;&#8220; transform_rotate_phone=&#8220;&#8220; transform_rotate_last_edited=&#8220;on|phone&#8220; transform_skew_tablet=&#8220;&#8220; transform_skew_phone=&#8220;&#8220; transform_skew_last_edited=&#8220;on|phone&#8220; transform_origin_tablet=&#8220;&#8220; transform_origin_phone=&#8220;&#8220; transform_origin_last_edited=&#8220;on|phone&#8220; transform_styles_last_edited=&#8220;on|phone&#8220; custom_padding_tablet=&#8220;&#8220; custom_padding_phone=&#8220;&#8220; custom_padding_last_edited=&#8220;on|phone&#8220; header_2_font_size_phone=&#8220;30px&#8220; transform_styles_tablet=&#8220;&#8220; transform_styles_phone=&#8220;&#8220; global_colors_info=&#8220;{}&#8220;]<\/p>\n<h2><span style=\"color: #bdff00;\"><span style=\"color: #ffffff;\">We are developing<\/span> 3D models for visualization of objects, machines or technologies. <span style=\"color: #ffffff;\">We create objects for further processing in<\/span> Unreal or Unity. <span style=\"color: #ffffff;\">Environment or graphic models for use in industry 4.0 or in the gaming industry.<\/span><\/span><\/h2>\n<p>[\/et_pb_text][\/et_pb_column][\/et_pb_row][\/et_pb_section][et_pb_section fb_built=&#8220;1&#8243; _builder_version=&#8220;4.14.8&#8243; _module_preset=&#8220;default&#8220; background_color=&#8220;#6C3AE7&#8243; custom_padding=&#8220;32px||36px|||&#8220; hover_enabled=&#8220;0&#8243; global_colors_info=&#8220;{}&#8220; use_background_color_gradient=&#8220;on&#8220; background_color_gradient_start=&#8220;#6c3ae7&#8243; background_color_gradient_end=&#8220;#562e77&#8243; sticky_enabled=&#8220;0&#8243;][et_pb_row column_structure=&#8220;1_2,1_2&#8243; _builder_version=&#8220;4.9.4&#8243; _module_preset=&#8220;default&#8220; custom_padding=&#8220;9px|||||&#8220; global_colors_info=&#8220;{}&#8220;][et_pb_column type=&#8220;1_2&#8243; _builder_version=&#8220;4.9.4&#8243; _module_preset=&#8220;default&#8220; global_colors_info=&#8220;{}&#8220;][et_pb_text _builder_version=&#8220;4.14.7&#8243; _module_preset=&#8220;a3ffc2b3-f1ac-4c02-b1e2-ca9c5344c9f1&#8243; custom_margin=&#8220;||-45px|||&#8220; custom_margin_tablet=&#8220;&#8220; custom_margin_phone=&#8220;0px||0px||false|false&#8220; custom_margin_last_edited=&#8220;on|phone&#8220; custom_padding=&#8220;25px||0px||false|false&#8220; global_colors_info=&#8220;{}&#8220;]<\/p>\n<h3><span style=\"color: #bdff00;\"><span style=\"color: #ffffff;\">Why<\/span> 3D models <span style=\"color: #ffffff;\">?<\/span><\/span><\/h3>\n<p>[\/et_pb_text][et_pb_text _builder_version=&#8220;4.14.7&#8243; _module_preset=&#8220;default&#8220; ul_line_height=&#8220;1.7em&#8220; min_height=&#8220;203px&#8220; custom_margin=&#8220;-1px||50px||false|false&#8220; custom_margin_tablet=&#8220;&#8220; custom_margin_phone=&#8220;0px||0px||false|false&#8220; custom_margin_last_edited=&#8220;on|phone&#8220; custom_padding=&#8220;0px|0px|0px|0px|false|false&#8220; global_colors_info=&#8220;{}&#8220;]<\/p>\n<ul>\n<li><span>Development for<strong><span style=\"color: #bdff00;\"> virtual and augmented reality.\u00a0<\/span><\/strong><\/span><\/li>\n<li>Graphic models for <strong><span style=\"color: #bdff00;\"><span>business presentations, visualizations, videos, or promotions.<\/span><\/span><\/strong><\/li>\n<li><span style=\"color: #bdff00;\"><span style=\"color: #bdff00;\"><span style=\"color: #ffffff;\">Use on<\/span> <b>website <\/b><span style=\"color: #ffffff;\">to increase visitor interest, interactivity and engagement.<\/span><\/span><\/span><\/li>\n<li><span>3D models for<strong><span style=\"color: #bdff00;\"> gaming industry.<\/span><\/strong><\/span><\/li>\n<li><span>Models for<strong><span style=\"color: #bdff00;\"> sales and marketing for product presentation.<\/span><\/strong><\/span><\/li>\n<li><span>Visualization of objects for<strong><span style=\"color: #bdff00;\"> architects, real estate and developers, or construction companies.<\/span><\/strong><\/span><span><strong><span style=\"color: #bdff00;\"><\/span><\/strong><\/span><\/li>\n<\/ul>\n<p>[\/et_pb_text][\/et_pb_column][et_pb_column type=&#8220;1_2&#8243; _builder_version=&#8220;4.9.4&#8243; _module_preset=&#8220;default&#8220; global_colors_info=&#8220;{}&#8220;][et_pb_image src=&#8220;https:\/\/icebreakers.cz\/domains\/icebreakers.cz\/wp-content\/uploads\/2022\/02\/3D-modelovani-reality.jpg&#8220; alt=&#8220;icebreakers_3D modely reality&#8220; title_text=&#8220;3D modelov\u00e1n\u00ed reality&#8220; _builder_version=&#8220;4.14.7&#8243; _module_preset=&#8220;default&#8220; transform_scale_tablet=&#8220;&#8220; transform_scale_phone=&#8220;120%|120%&#8220; transform_scale_last_edited=&#8220;on|phone&#8220; transform_translate_tablet=&#8220;&#8220; transform_translate_phone=&#8220;&#8220; transform_translate_last_edited=&#8220;on|phone&#8220; transform_rotate_tablet=&#8220;&#8220; transform_rotate_phone=&#8220;&#8220; transform_rotate_last_edited=&#8220;on|phone&#8220; transform_skew_tablet=&#8220;&#8220; transform_skew_phone=&#8220;&#8220; transform_skew_last_edited=&#8220;on|phone&#8220; transform_origin_tablet=&#8220;&#8220; transform_origin_phone=&#8220;&#8220; transform_origin_last_edited=&#8220;on|phone&#8220; transform_styles_last_edited=&#8220;on|phone&#8220; custom_margin_tablet=&#8220;&#8220; custom_margin_phone=&#8220;50px||0px||false|false&#8220; custom_margin_last_edited=&#8220;on|phone&#8220; custom_padding=&#8220;32px||0px||false|false&#8220; transform_styles_tablet=&#8220;&#8220; transform_styles_phone=&#8220;&#8220; border_radii=&#8220;on|10px|10px|10px|10px&#8220; box_shadow_style=&#8220;preset2&#8243; global_colors_info=&#8220;{}&#8220;][\/et_pb_image][\/et_pb_column][\/et_pb_row][\/et_pb_section][et_pb_section fb_built=&#8220;1&#8243; _builder_version=&#8220;4.14.8&#8243; _module_preset=&#8220;default&#8220; background_color=&#8220;#562E77&#8243; custom_padding=&#8220;||77px|||&#8220; top_divider_style_tablet=&#8220;&#8220; top_divider_style_phone=&#8220;ramp&#8220; top_divider_style_last_edited=&#8220;on|phone&#8220; bottom_divider_height=&#8220;85px&#8220; hover_enabled=&#8220;0&#8243; global_colors_info=&#8220;{}&#8220; sticky_enabled=&#8220;0&#8243;][et_pb_row _builder_version=&#8220;4.9.4&#8243; _module_preset=&#8220;default&#8220; custom_padding=&#8220;68px|||||&#8220; global_colors_info=&#8220;{}&#8220;][et_pb_column type=&#8220;4_4&#8243; _builder_version=&#8220;4.9.4&#8243; _module_preset=&#8220;default&#8220; global_colors_info=&#8220;{}&#8220;][et_pb_text _builder_version=&#8220;4.14.7&#8243; _module_preset=&#8220;a3ffc2b3-f1ac-4c02-b1e2-ca9c5344c9f1&#8243; custom_margin=&#8220;||-50px||false|false&#8220; custom_margin_tablet=&#8220;&#8220; custom_margin_phone=&#8220;0px||0px||false|false&#8220; custom_margin_last_edited=&#8220;on|phone&#8220; custom_padding=&#8220;0px||0px|30px|false|false&#8220; custom_padding_tablet=&#8220;&#8220; custom_padding_phone=&#8220;25px||0px||false|false&#8220; custom_padding_last_edited=&#8220;on|phone&#8220; global_colors_info=&#8220;{}&#8220;]<\/p>\n<h3><span style=\"color: #bdff00;\"> What can it look like?<\/span><\/h3>\n<p>[\/et_pb_text][et_pb_text _builder_version=&#8220;4.14.7&#8243; _module_preset=&#8220;default&#8220; custom_margin=&#8220;-4px||50px||false|false&#8220; global_colors_info=&#8220;{}&#8220;]<\/p>\n<p>3D visualization is widely used in computer games, simulators, or educational programs. We can create not only 3D objects, but a complete environment. Graphic studios, as well as companies, can use our professionals who will produce a fully functional 3D model, including a 3D environment, and prepare it for further processing at Unity or Unreal.<\/p>\n<p>[\/et_pb_text][et_pb_image src=&#8220;https:\/\/icebreakers.cz\/domains\/icebreakers.cz\/wp-content\/uploads\/2022\/02\/obrazek-z-videa.jpg&#8220; alt=&#8220;3D model stroje a instruktorky&#8220; title_text=&#8220;obr\u00e1zek z videa&#8220; align=&#8220;center&#8220; _builder_version=&#8220;4.14.7&#8243; _module_preset=&#8220;default&#8220; border_radii=&#8220;on|10px|10px|10px|10px&#8220; global_colors_info=&#8220;{}&#8220;][\/et_pb_image][\/et_pb_column][\/et_pb_row][\/et_pb_section][et_pb_section fb_built=&#8220;1&#8243; _builder_version=&#8220;4.14.8&#8243; _module_preset=&#8220;default&#8220; background_color=&#8220;#6C3AE7&#8243; custom_padding=&#8220;||3px|||&#8220; hover_enabled=&#8220;0&#8243; global_colors_info=&#8220;{}&#8220; use_background_color_gradient=&#8220;on&#8220; background_color_gradient_start=&#8220;#562e77&#8243; background_color_gradient_end=&#8220;#6c3ae7&#8243; sticky_enabled=&#8220;0&#8243;][\/et_pb_section][et_pb_section fb_built=&#8220;1&#8243; _builder_version=&#8220;4.9.4&#8243; _module_preset=&#8220;default&#8220; background_color=&#8220;#6C3AE7&#8243; custom_padding=&#8220;113px|||||&#8220; global_colors_info=&#8220;{}&#8220;][et_pb_row _builder_version=&#8220;4.9.4&#8243; _module_preset=&#8220;default&#8220; background_image=&#8220;https:\/\/icebreakers.cz\/domains\/icebreakers.cz\/wp-content\/uploads\/2021\/05\/Datovy-zdroj-2-1024&#215;763-1.png&#8220; custom_padding=&#8220;104px||87px|||&#8220; border_radii=&#8220;on|30px|30px|30px|30px&#8220; box_shadow_style=&#8220;preset2&#8243; global_colors_info=&#8220;{}&#8220;][et_pb_column type=&#8220;4_4&#8243; _builder_version=&#8220;4.9.4&#8243; _module_preset=&#8220;default&#8220; custom_padding=&#8220;|30px||30px|false|false&#8220; custom_padding_tablet=&#8220;&#8220; custom_padding_phone=&#8220;|25px||25px|false|false&#8220; custom_padding_last_edited=&#8220;on|phone&#8220; global_colors_info=&#8220;{}&#8220;][et_pb_text _builder_version=&#8220;4.14.7&#8243; _module_preset=&#8220;0429778a-1c11-4e14-8c34-ae2e499d9b3c&#8220; header_4_font=&#8220;|600|||||||&#8220; header_4_text_color=&#8220;#FFFFFF&#8220; custom_margin=&#8220;||67px|||&#8220; global_colors_info=&#8220;{}&#8220;]<\/p>\n<h4 style=\"text-align: center;\">Are you interested in the possibilities of 3D modeling and visualization? Then contact us and we will see what we can do together.<\/h4>\n<p>[\/et_pb_text][et_pb_button button_url=&#8220;@ET-DC@eyJkeW5hbWljIjp0cnVlLCJjb250ZW50IjoicG9zdF9saW5rX3VybF9wYWdlIiwic2V0dGluZ3MiOnsicG9zdF9pZCI6IjU5NCJ9fQ==@&#8220; button_text=&#8220;Kontaktujte n\u00e1s&#8220; button_alignment=&#8220;center&#8220; _builder_version=&#8220;4.9.4&#8243; _dynamic_attributes=&#8220;button_url&#8220; _module_preset=&#8220;e4050753-9d50-4a9c-ac45-128f08afad79&#8243; global_colors_info=&#8220;{}&#8220;][\/et_pb_button][\/et_pb_column][\/et_pb_row][\/et_pb_section]<\/p>","protected":false},"excerpt":{"rendered":"<p>Vytv\u00e1\u0159\u00edme 3D modely pro vizualizace objekt\u016f, stroj\u016f nebo technologi\u00ed. Tvo\u0159\u00edme objekty pro dal\u0161\u00ed zpracov\u00e1n\u00ed v Unreal nebu Unity. Prost\u0159ed\u00ed, nebo grafick\u00e9 modely pro vyu\u017eit\u00ed v pr\u016fmyslu 4.0 nebo v hern\u00edm pr\u016fmyslu.K \u010demu 3D modely slou\u017e\u00ed? V\u00fdvoj pro virtu\u00e1ln\u00ed a roz\u0161\u00ed\u0159enou realitu.\u00a0 Grafick\u00e9 modely pro firemn\u00ed prezentace, vizualizace, videa, nebo propagaci. Vyu\u017e\u00edt\u00ed na webov\u00fdch str\u00e1nk\u00e1ch ke [&hellip;]<\/p>","protected":false},"author":1,"featured_media":1068,"parent":0,"menu_order":0,"comment_status":"closed","ping_status":"closed","template":"","meta":{"_et_pb_use_builder":"on","_et_pb_old_content":"","_et_gb_content_width":"","footnotes":""},"class_list":["post-956","page","type-page","status-publish","has-post-thumbnail","hentry"],"yoast_head":"<!-- This site is optimized with the Yoast SEO plugin v24.9 - https:\/\/yoast.com\/wordpress\/plugins\/seo\/ -->\n<title>| Icebreakers technologie<\/title>\n<meta name=\"description\" content=\"Vytv\u00e1\u0159\u00edme 3D modely pro vizualizace objekt\u016f, stroj\u016f nebo technologi\u00ed. Tvo\u0159\u00edme objekty pro dal\u0161\u00ed zpracov\u00e1n\u00ed v Unreal nebu Unity.\" \/>\n<meta name=\"robots\" content=\"index, follow, max-snippet:-1, max-image-preview:large, max-video-preview:-1\" \/>\n<link rel=\"canonical\" href=\"https:\/\/icebreakers.cz\/en\/3d-modely\/\" \/>\n<meta property=\"og:locale\" content=\"en_GB\" \/>\n<meta property=\"og:type\" content=\"article\" \/>\n<meta property=\"og:title\" content=\"| Icebreakers technologie\" \/>\n<meta property=\"og:description\" content=\"Vytv\u00e1\u0159\u00edme 3D modely pro vizualizace objekt\u016f, stroj\u016f nebo technologi\u00ed. Tvo\u0159\u00edme objekty pro dal\u0161\u00ed zpracov\u00e1n\u00ed v Unreal nebu Unity.\" \/>\n<meta property=\"og:url\" content=\"https:\/\/icebreakers.cz\/en\/3d-modely\/\" \/>\n<meta property=\"og:site_name\" content=\"Icebreakers technologie\" \/>\n<meta property=\"article:modified_time\" content=\"2022-02-28T13:02:06+00:00\" \/>\n<meta property=\"og:image\" content=\"https:\/\/icebreakers.cz\/wp-content\/uploads\/2022\/02\/3D-modely-kostky.jpg\" \/>\n\t<meta property=\"og:image:width\" content=\"1942\" \/>\n\t<meta property=\"og:image:height\" content=\"1079\" \/>\n\t<meta property=\"og:image:type\" content=\"image\/jpeg\" \/>\n<meta name=\"twitter:card\" content=\"summary_large_image\" \/>\n<meta name=\"twitter:label1\" content=\"Estimated reading time\" \/>\n\t<meta name=\"twitter:data1\" content=\"3 minutes\" \/>\n<script type=\"application\/ld+json\" class=\"yoast-schema-graph\">{\"@context\":\"https:\/\/schema.org\",\"@graph\":[{\"@type\":\"WebPage\",\"@id\":\"https:\/\/icebreakers.cz\/3d-modely\/\",\"url\":\"https:\/\/icebreakers.cz\/3d-modely\/\",\"name\":\"| Icebreakers technologie\",\"isPartOf\":{\"@id\":\"https:\/\/icebreakers.cz\/#website\"},\"primaryImageOfPage\":{\"@id\":\"https:\/\/icebreakers.cz\/3d-modely\/#primaryimage\"},\"image\":{\"@id\":\"https:\/\/icebreakers.cz\/3d-modely\/#primaryimage\"},\"thumbnailUrl\":\"https:\/\/icebreakers.cz\/wp-content\/uploads\/2022\/02\/3D-modely-kostky.jpg\",\"datePublished\":\"2022-01-09T17:21:57+00:00\",\"dateModified\":\"2022-02-28T13:02:06+00:00\",\"description\":\"Vytv\u00e1\u0159\u00edme 3D modely pro vizualizace objekt\u016f, stroj\u016f nebo technologi\u00ed. Tvo\u0159\u00edme objekty pro dal\u0161\u00ed zpracov\u00e1n\u00ed v Unreal nebu Unity.\",\"breadcrumb\":{\"@id\":\"https:\/\/icebreakers.cz\/3d-modely\/#breadcrumb\"},\"inLanguage\":\"en-GB\",\"potentialAction\":[{\"@type\":\"ReadAction\",\"target\":[\"https:\/\/icebreakers.cz\/3d-modely\/\"]}]},{\"@type\":\"ImageObject\",\"inLanguage\":\"en-GB\",\"@id\":\"https:\/\/icebreakers.cz\/3d-modely\/#primaryimage\",\"url\":\"https:\/\/icebreakers.cz\/wp-content\/uploads\/2022\/02\/3D-modely-kostky.jpg\",\"contentUrl\":\"https:\/\/icebreakers.cz\/wp-content\/uploads\/2022\/02\/3D-modely-kostky.jpg\",\"width\":1942,\"height\":1079,\"caption\":\"icebreakers 3D modely\"},{\"@type\":\"BreadcrumbList\",\"@id\":\"https:\/\/icebreakers.cz\/3d-modely\/#breadcrumb\",\"itemListElement\":[{\"@type\":\"ListItem\",\"position\":1,\"name\":\"Dom\u016f\",\"item\":\"https:\/\/icebreakers.cz\/\"},{\"@type\":\"ListItem\",\"position\":2,\"name\":\"3D modely\"}]},{\"@type\":\"WebSite\",\"@id\":\"https:\/\/icebreakers.cz\/#website\",\"url\":\"https:\/\/icebreakers.cz\/\",\"name\":\"Icebreakers technologie\",\"description\":\"Technologick\u00e9 studio s virtu\u00e1ln\u00ed a roz\u0161\u00ed\u0159enou realitou\",\"publisher\":{\"@id\":\"https:\/\/icebreakers.cz\/#organization\"},\"potentialAction\":[{\"@type\":\"SearchAction\",\"target\":{\"@type\":\"EntryPoint\",\"urlTemplate\":\"https:\/\/icebreakers.cz\/?s={search_term_string}\"},\"query-input\":{\"@type\":\"PropertyValueSpecification\",\"valueRequired\":true,\"valueName\":\"search_term_string\"}}],\"inLanguage\":\"en-GB\"},{\"@type\":\"Organization\",\"@id\":\"https:\/\/icebreakers.cz\/#organization\",\"name\":\"Icebreakers\",\"url\":\"https:\/\/icebreakers.cz\/\",\"logo\":{\"@type\":\"ImageObject\",\"inLanguage\":\"en-GB\",\"@id\":\"https:\/\/icebreakers.cz\/#\/schema\/logo\/image\/\",\"url\":\"https:\/\/icebreakers.cz\/domains\/icebreakers.cz\/wp-content\/uploads\/2021\/06\/navrh-1.png\",\"contentUrl\":\"https:\/\/icebreakers.cz\/domains\/icebreakers.cz\/wp-content\/uploads\/2021\/06\/navrh-1.png\",\"width\":200,\"height\":225,\"caption\":\"Icebreakers\"},\"image\":{\"@id\":\"https:\/\/icebreakers.cz\/#\/schema\/logo\/image\/\"}}]}<\/script>\n<!-- \/ Yoast SEO plugin. -->","yoast_head_json":{"title":"| Icebreakers technologie","description":"Vytv\u00e1\u0159\u00edme 3D modely pro vizualizace objekt\u016f, stroj\u016f nebo technologi\u00ed. Tvo\u0159\u00edme objekty pro dal\u0161\u00ed zpracov\u00e1n\u00ed v Unreal nebu Unity.","robots":{"index":"index","follow":"follow","max-snippet":"max-snippet:-1","max-image-preview":"max-image-preview:large","max-video-preview":"max-video-preview:-1"},"canonical":"https:\/\/icebreakers.cz\/en\/3d-modely\/","og_locale":"en_GB","og_type":"article","og_title":"| Icebreakers technologie","og_description":"Vytv\u00e1\u0159\u00edme 3D modely pro vizualizace objekt\u016f, stroj\u016f nebo technologi\u00ed. Tvo\u0159\u00edme objekty pro dal\u0161\u00ed zpracov\u00e1n\u00ed v Unreal nebu Unity.","og_url":"https:\/\/icebreakers.cz\/en\/3d-modely\/","og_site_name":"Icebreakers technologie","article_modified_time":"2022-02-28T13:02:06+00:00","og_image":[{"width":1942,"height":1079,"url":"https:\/\/icebreakers.cz\/wp-content\/uploads\/2022\/02\/3D-modely-kostky.jpg","type":"image\/jpeg"}],"twitter_card":"summary_large_image","twitter_misc":{"Estimated reading time":"3 minutes"},"schema":{"@context":"https:\/\/schema.org","@graph":[{"@type":"WebPage","@id":"https:\/\/icebreakers.cz\/3d-modely\/","url":"https:\/\/icebreakers.cz\/3d-modely\/","name":"| Icebreakers technologie","isPartOf":{"@id":"https:\/\/icebreakers.cz\/#website"},"primaryImageOfPage":{"@id":"https:\/\/icebreakers.cz\/3d-modely\/#primaryimage"},"image":{"@id":"https:\/\/icebreakers.cz\/3d-modely\/#primaryimage"},"thumbnailUrl":"https:\/\/icebreakers.cz\/wp-content\/uploads\/2022\/02\/3D-modely-kostky.jpg","datePublished":"2022-01-09T17:21:57+00:00","dateModified":"2022-02-28T13:02:06+00:00","description":"Vytv\u00e1\u0159\u00edme 3D modely pro vizualizace objekt\u016f, stroj\u016f nebo technologi\u00ed. Tvo\u0159\u00edme objekty pro dal\u0161\u00ed zpracov\u00e1n\u00ed v Unreal nebu Unity.","breadcrumb":{"@id":"https:\/\/icebreakers.cz\/3d-modely\/#breadcrumb"},"inLanguage":"en-GB","potentialAction":[{"@type":"ReadAction","target":["https:\/\/icebreakers.cz\/3d-modely\/"]}]},{"@type":"ImageObject","inLanguage":"en-GB","@id":"https:\/\/icebreakers.cz\/3d-modely\/#primaryimage","url":"https:\/\/icebreakers.cz\/wp-content\/uploads\/2022\/02\/3D-modely-kostky.jpg","contentUrl":"https:\/\/icebreakers.cz\/wp-content\/uploads\/2022\/02\/3D-modely-kostky.jpg","width":1942,"height":1079,"caption":"icebreakers 3D modely"},{"@type":"BreadcrumbList","@id":"https:\/\/icebreakers.cz\/3d-modely\/#breadcrumb","itemListElement":[{"@type":"ListItem","position":1,"name":"Dom\u016f","item":"https:\/\/icebreakers.cz\/"},{"@type":"ListItem","position":2,"name":"3D modely"}]},{"@type":"WebSite","@id":"https:\/\/icebreakers.cz\/#website","url":"https:\/\/icebreakers.cz\/","name":"Icebreakers technologie","description":"Technologick\u00e9 studio s virtu\u00e1ln\u00ed a roz\u0161\u00ed\u0159enou realitou","publisher":{"@id":"https:\/\/icebreakers.cz\/#organization"},"potentialAction":[{"@type":"SearchAction","target":{"@type":"EntryPoint","urlTemplate":"https:\/\/icebreakers.cz\/?s={search_term_string}"},"query-input":{"@type":"PropertyValueSpecification","valueRequired":true,"valueName":"search_term_string"}}],"inLanguage":"en-GB"},{"@type":"Organization","@id":"https:\/\/icebreakers.cz\/#organization","name":"Icebreakers","url":"https:\/\/icebreakers.cz\/","logo":{"@type":"ImageObject","inLanguage":"en-GB","@id":"https:\/\/icebreakers.cz\/#\/schema\/logo\/image\/","url":"https:\/\/icebreakers.cz\/domains\/icebreakers.cz\/wp-content\/uploads\/2021\/06\/navrh-1.png","contentUrl":"https:\/\/icebreakers.cz\/domains\/icebreakers.cz\/wp-content\/uploads\/2021\/06\/navrh-1.png","width":200,"height":225,"caption":"Icebreakers"},"image":{"@id":"https:\/\/icebreakers.cz\/#\/schema\/logo\/image\/"}}]}},"_links":{"self":[{"href":"https:\/\/icebreakers.cz\/en\/wp-json\/wp\/v2\/pages\/956","targetHints":{"allow":["GET"]}}],"collection":[{"href":"https:\/\/icebreakers.cz\/en\/wp-json\/wp\/v2\/pages"}],"about":[{"href":"https:\/\/icebreakers.cz\/en\/wp-json\/wp\/v2\/types\/page"}],"author":[{"embeddable":true,"href":"https:\/\/icebreakers.cz\/en\/wp-json\/wp\/v2\/users\/1"}],"replies":[{"embeddable":true,"href":"https:\/\/icebreakers.cz\/en\/wp-json\/wp\/v2\/comments?post=956"}],"version-history":[{"count":14,"href":"https:\/\/icebreakers.cz\/en\/wp-json\/wp\/v2\/pages\/956\/revisions"}],"predecessor-version":[{"id":1176,"href":"https:\/\/icebreakers.cz\/en\/wp-json\/wp\/v2\/pages\/956\/revisions\/1176"}],"wp:featuredmedia":[{"embeddable":true,"href":"https:\/\/icebreakers.cz\/en\/wp-json\/wp\/v2\/media\/1068"}],"wp:attachment":[{"href":"https:\/\/icebreakers.cz\/en\/wp-json\/wp\/v2\/media?parent=956"}],"curies":[{"name":"wp","href":"https:\/\/api.w.org\/{rel}","templated":true}]}}